{"id":8063,"date":"2022-02-01T10:22:35","date_gmt":"2021-06-28T08:22:35","guid":{"rendered":"https:\/\/www.moree.de\/produkt\/lanterne-solaire-louis-anthracite\/"},"modified":"2025-10-29T13:33:03","modified_gmt":"2025-10-29T12:33:03","slug":"lampe-solaire","status":"publish","type":"product","link":"https:\/\/www.moree.de\/fr\/produit\/lampe-solaire\/","title":{"rendered":"Lanterne solaire Louis &#8211; anthracite"},"content":{"rendered":"<p>LOUIS &#8211; lampe de table et de chemin pour l&rsquo;ext\u00e9rieur et l&rsquo;int\u00e9rieur<br \/>\n\u00ab\u00a0DOUBLE CHARGE\u00a0\u00bb PAR MODULE SOLAIRE ET CHARGEUR<\/p>\n<p>Louis, le roi du soleil, apporte de la lumi\u00e8re sous la forme d&rsquo;une lampe solaire \u00e0 LED sur la table de jardin, la terrasse ou dans l&rsquo;entr\u00e9e. Le design classique de cette lampe de jardin solaire rappelle l&rsquo;arch\u00e9type de la lanterne.<\/p>\n<p>Gr\u00e2ce au panneau solaire, la lampe se recharge de mani\u00e8re autonome et \u00e9cologique \u00e0 l&rsquo;aide du rayonnement solaire. Si la luminosit\u00e9 est trop faible, la lampe solaire \u00e0 DEL peut \u00e9galement \u00eatre recharg\u00e9e \u00e0 l&rsquo;aide d&rsquo;un chargeur. Louis, la lampe de jardin solaire, est donc toujours pr\u00eate \u00e0 \u00eatre utilis\u00e9e. Cette double fonction de charge cr\u00e9e une valeur ajout\u00e9e particuli\u00e8re par rapport aux autres lampes solaires \u00e0 DEL. Que ce soit comme lampe de table ou comme \u00e9clairage de chemin, avec son puissant panneau solaire et l&rsquo;intensit\u00e9 lumineuse r\u00e9glable en continu, la lampe de jardin solaire est parfaite pour chaque utilisation. Lorsque l&rsquo;\u00e9t\u00e9 est termin\u00e9 et que la vie ne se d\u00e9roule plus sur la terrasse, la lampe peut \u00eatre utilis\u00e9e \u00e0 l&rsquo;int\u00e9rieur, sur le rebord de la fen\u00eatre, de mani\u00e8re d\u00e9corative tout au long de l&rsquo;ann\u00e9e. Louis, lampe de jardin solaire, est parfaite pour \u00eatre utilis\u00e9e comme lampe de table ou de sol.<\/p>\n<p>Le panneau solaire int\u00e9gr\u00e9 recharge les batteries de la lanterne pendant la journ\u00e9e pour permettre aux LED blanc chaud de briller d\u00e8s la tomb\u00e9e de la nuit. La luminosit\u00e9 peut \u00eatre r\u00e9gl\u00e9e de mani\u00e8re pratique par un variateur tactile. Si n\u00e9cessaire, par exemple pendant la saison sombre, la batterie peut \u00eatre recharg\u00e9e en plus avec un bloc d&rsquo;alimentation USB.<\/p>\n<p><strong>NOUVEAU &#8211; Mode nuit !<\/strong><br \/>\nCette version actualis\u00e9e du produit dispose d&rsquo;une nouvelle fonction et peut s&rsquo;allumer automatiquement et confortablement dans l&rsquo;obscurit\u00e9 lorsque le mode nuit est activ\u00e9.<\/p>\n<p>La lanterne en aluminium thermolaqu\u00e9 est adapt\u00e9e \u00e0 un usage ext\u00e9rieur et disponible dans les couleurs blanc et anthracite.<\/p>\n<p>La lampe de jardin solaire est \u00e9galement disponible en blanc.<\/p>\n","protected":false},"excerpt":{"rendered":"<p>\u00c9conomisez de l&rsquo;\u00e9nergie et rechargez \u00e0 l&rsquo;\u00e9nergie solaire ! De plus, la batterie peut \u00eatre charg\u00e9e par un chargeur. NOUVEAU! Cette version actualis\u00e9e du produit dispose d&rsquo;un mode nuit et s&rsquo;allume automatiquement dans l&rsquo;obscurit\u00e9. Une autre variante de couleur de ce luminaire haut de gamme est disponible en blanc mat.<\/p>\n","protected":false},"featured_media":20676,"template":"","meta":{"_acf_changed":false},"product_brand":[],"product_cat":[270,487,272,492,490,488,510,485],"product_tag":[],"class_list":{"0":"post-8063","1":"product","2":"type-product","3":"status-publish","4":"has-post-thumbnail","6":"product_cat-lampe-sans-fil","7":"product_cat-eclairage-led","8":"product_cat-salon-de-jardin-exterieur","9":"product_cat-ampe-de-table-exterieur","10":"product_cat-eclairage-solaire-exterieur","11":"product_cat-deco-lumiere","12":"product_cat-eclairage-exterieur-terrasse","13":"product_cat-lampe-exterieure-sans-fil","15":"first","16":"instock","17":"taxable","18":"shipping-taxable","19":"purchasable","20":"product-type-simple"},"acf":[],"yoast_head":"<!-- This site is optimized with the Yoast SEO plugin v26.8 - https:\/\/yoast.com\/product\/yoast-seo-wordpress\/ -->\n<title>Lanterne solaire Louis - anthracite - Moree.de<\/title>\n<meta name=\"robots\" content=\"index, follow, max-snippet:-1, max-image-preview:large, max-video-preview:-1\" \/>\n<link rel=\"canonical\" href=\"https:\/\/www.moree.de\/fr\/produit\/lampe-solaire\/\" \/>\n<meta property=\"og:locale\" content=\"fr_FR\" \/>\n<meta property=\"og:type\" content=\"article\" \/>\n<meta property=\"og:title\" content=\"Lanterne solaire Louis - anthracite - Moree.de\" \/>\n<meta property=\"og:description\" content=\"\u00c9conomisez de l&#039;\u00e9nergie et rechargez \u00e0 l&#039;\u00e9nergie solaire ! De plus, la batterie peut \u00eatre charg\u00e9e par un chargeur. NOUVEAU! Cette version actualis\u00e9e du produit dispose d&#039;un mode nuit et s&#039;allume automatiquement dans l&#039;obscurit\u00e9. Une autre variante de couleur de ce luminaire haut de gamme est disponible en blanc mat.\" \/>\n<meta property=\"og:url\" content=\"https:\/\/www.moree.de\/fr\/produit\/lampe-solaire\/\" \/>\n<meta property=\"og:site_name\" content=\"Moree.de\" \/>\n<meta property=\"article:modified_time\" content=\"2025-10-29T12:33:03+00:00\" \/>\n<meta property=\"og:image\" content=\"https:\/\/www.moree.de\/wp-content\/uploads\/2023\/10\/38-02-36-Louis-LED-solar-leuchte-Garten-solarleuchte-eckig-Tischlampe.jpg\" \/>\n\t<meta property=\"og:image:width\" content=\"1075\" \/>\n\t<meta property=\"og:image:height\" content=\"1075\" \/>\n\t<meta property=\"og:image:type\" content=\"image\/jpeg\" \/>\n<meta name=\"twitter:card\" content=\"summary_large_image\" \/>\n<meta name=\"twitter:label1\" content=\"Dur\u00e9e de lecture estim\u00e9e\" \/>\n\t<meta name=\"twitter:data1\" content=\"2 minutes\" \/>\n<script type=\"application\/ld+json\" class=\"yoast-schema-graph\">{\"@context\":\"https:\/\/schema.org\",\"@graph\":[{\"@type\":\"WebPage\",\"@id\":\"https:\/\/www.moree.de\/fr\/produit\/lampe-solaire\/\",\"url\":\"https:\/\/www.moree.de\/fr\/produit\/lampe-solaire\/\",\"name\":\"Lanterne solaire Louis - anthracite - Moree.de\",\"isPartOf\":{\"@id\":\"https:\/\/www.moree.de\/fr\/#website\"},\"primaryImageOfPage\":{\"@id\":\"https:\/\/www.moree.de\/fr\/produit\/lampe-solaire\/#primaryimage\"},\"image\":{\"@id\":\"https:\/\/www.moree.de\/fr\/produit\/lampe-solaire\/#primaryimage\"},\"thumbnailUrl\":\"https:\/\/www.moree.de\/wp-content\/uploads\/2023\/10\/38-02-36-Louis-LED-solar-leuchte-Garten-solarleuchte-eckig-Tischlampe.jpg\",\"datePublished\":\"2021-06-28T08:22:35+00:00\",\"dateModified\":\"2025-10-29T12:33:03+00:00\",\"breadcrumb\":{\"@id\":\"https:\/\/www.moree.de\/fr\/produit\/lampe-solaire\/#breadcrumb\"},\"inLanguage\":\"fr-FR\",\"potentialAction\":[{\"@type\":\"ReadAction\",\"target\":[\"https:\/\/www.moree.de\/fr\/produit\/lampe-solaire\/\"]}]},{\"@type\":\"ImageObject\",\"inLanguage\":\"fr-FR\",\"@id\":\"https:\/\/www.moree.de\/fr\/produit\/lampe-solaire\/#primaryimage\",\"url\":\"https:\/\/www.moree.de\/wp-content\/uploads\/2023\/10\/38-02-36-Louis-LED-solar-leuchte-Garten-solarleuchte-eckig-Tischlampe.jpg\",\"contentUrl\":\"https:\/\/www.moree.de\/wp-content\/uploads\/2023\/10\/38-02-36-Louis-LED-solar-leuchte-Garten-solarleuchte-eckig-Tischlampe.jpg\",\"width\":1075,\"height\":1075},{\"@type\":\"BreadcrumbList\",\"@id\":\"https:\/\/www.moree.de\/fr\/produit\/lampe-solaire\/#breadcrumb\",\"itemListElement\":[{\"@type\":\"ListItem\",\"position\":1,\"name\":\"Home\",\"item\":\"https:\/\/www.moree.de\/fr\/\"},{\"@type\":\"ListItem\",\"position\":2,\"name\":\"Shop\",\"item\":\"https:\/\/www.moree.de\/shop\/\"},{\"@type\":\"ListItem\",\"position\":3,\"name\":\"Lanterne solaire Louis &#8211; anthracite\"}]},{\"@type\":\"WebSite\",\"@id\":\"https:\/\/www.moree.de\/fr\/#website\",\"url\":\"https:\/\/www.moree.de\/fr\/\",\"name\":\"Moree.de\",\"description\":\"Gastronomie M\u00f6bel, Lounge M\u00f6bel, Barhocker und LED M\u00f6bel\",\"publisher\":{\"@id\":\"https:\/\/www.moree.de\/fr\/#organization\"},\"potentialAction\":[{\"@type\":\"SearchAction\",\"target\":{\"@type\":\"EntryPoint\",\"urlTemplate\":\"https:\/\/www.moree.de\/fr\/?s={search_term_string}\"},\"query-input\":{\"@type\":\"PropertyValueSpecification\",\"valueRequired\":true,\"valueName\":\"search_term_string\"}}],\"inLanguage\":\"fr-FR\"},{\"@type\":\"Organization\",\"@id\":\"https:\/\/www.moree.de\/fr\/#organization\",\"name\":\"Moree.de\",\"url\":\"https:\/\/www.moree.de\/fr\/\",\"logo\":{\"@type\":\"ImageObject\",\"inLanguage\":\"fr-FR\",\"@id\":\"https:\/\/www.moree.de\/fr\/#\/schema\/logo\/image\/\",\"url\":\"https:\/\/www.moree.de\/wp-content\/uploads\/2021\/05\/moree-logo.svg\",\"contentUrl\":\"https:\/\/www.moree.de\/wp-content\/uploads\/2021\/05\/moree-logo.svg\",\"width\":349,\"height\":62,\"caption\":\"Moree.de\"},\"image\":{\"@id\":\"https:\/\/www.moree.de\/fr\/#\/schema\/logo\/image\/\"}}]}<\/script>\n<!-- \/ Yoast SEO plugin. -->","yoast_head_json":{"title":"Lanterne solaire Louis - anthracite - Moree.de","robots":{"index":"index","follow":"follow","max-snippet":"max-snippet:-1","max-image-preview":"max-image-preview:large","max-video-preview":"max-video-preview:-1"},"canonical":"https:\/\/www.moree.de\/fr\/produit\/lampe-solaire\/","og_locale":"fr_FR","og_type":"article","og_title":"Lanterne solaire Louis - anthracite - Moree.de","og_description":"\u00c9conomisez de l'\u00e9nergie et rechargez \u00e0 l'\u00e9nergie solaire ! De plus, la batterie peut \u00eatre charg\u00e9e par un chargeur. NOUVEAU! Cette version actualis\u00e9e du produit dispose d'un mode nuit et s'allume automatiquement dans l'obscurit\u00e9. Une autre variante de couleur de ce luminaire haut de gamme est disponible en blanc mat.","og_url":"https:\/\/www.moree.de\/fr\/produit\/lampe-solaire\/","og_site_name":"Moree.de","article_modified_time":"2025-10-29T12:33:03+00:00","og_image":[{"width":1075,"height":1075,"url":"https:\/\/www.moree.de\/wp-content\/uploads\/2023\/10\/38-02-36-Louis-LED-solar-leuchte-Garten-solarleuchte-eckig-Tischlampe.jpg","type":"image\/jpeg"}],"twitter_card":"summary_large_image","twitter_misc":{"Dur\u00e9e de lecture estim\u00e9e":"2 minutes"},"schema":{"@context":"https:\/\/schema.org","@graph":[{"@type":"WebPage","@id":"https:\/\/www.moree.de\/fr\/produit\/lampe-solaire\/","url":"https:\/\/www.moree.de\/fr\/produit\/lampe-solaire\/","name":"Lanterne solaire Louis - anthracite - Moree.de","isPartOf":{"@id":"https:\/\/www.moree.de\/fr\/#website"},"primaryImageOfPage":{"@id":"https:\/\/www.moree.de\/fr\/produit\/lampe-solaire\/#primaryimage"},"image":{"@id":"https:\/\/www.moree.de\/fr\/produit\/lampe-solaire\/#primaryimage"},"thumbnailUrl":"https:\/\/www.moree.de\/wp-content\/uploads\/2023\/10\/38-02-36-Louis-LED-solar-leuchte-Garten-solarleuchte-eckig-Tischlampe.jpg","datePublished":"2021-06-28T08:22:35+00:00","dateModified":"2025-10-29T12:33:03+00:00","breadcrumb":{"@id":"https:\/\/www.moree.de\/fr\/produit\/lampe-solaire\/#breadcrumb"},"inLanguage":"fr-FR","potentialAction":[{"@type":"ReadAction","target":["https:\/\/www.moree.de\/fr\/produit\/lampe-solaire\/"]}]},{"@type":"ImageObject","inLanguage":"fr-FR","@id":"https:\/\/www.moree.de\/fr\/produit\/lampe-solaire\/#primaryimage","url":"https:\/\/www.moree.de\/wp-content\/uploads\/2023\/10\/38-02-36-Louis-LED-solar-leuchte-Garten-solarleuchte-eckig-Tischlampe.jpg","contentUrl":"https:\/\/www.moree.de\/wp-content\/uploads\/2023\/10\/38-02-36-Louis-LED-solar-leuchte-Garten-solarleuchte-eckig-Tischlampe.jpg","width":1075,"height":1075},{"@type":"BreadcrumbList","@id":"https:\/\/www.moree.de\/fr\/produit\/lampe-solaire\/#breadcrumb","itemListElement":[{"@type":"ListItem","position":1,"name":"Home","item":"https:\/\/www.moree.de\/fr\/"},{"@type":"ListItem","position":2,"name":"Shop","item":"https:\/\/www.moree.de\/shop\/"},{"@type":"ListItem","position":3,"name":"Lanterne solaire Louis &#8211; anthracite"}]},{"@type":"WebSite","@id":"https:\/\/www.moree.de\/fr\/#website","url":"https:\/\/www.moree.de\/fr\/","name":"Moree.de","description":"Gastronomie M\u00f6bel, Lounge M\u00f6bel, Barhocker und LED M\u00f6bel","publisher":{"@id":"https:\/\/www.moree.de\/fr\/#organization"},"potentialAction":[{"@type":"SearchAction","target":{"@type":"EntryPoint","urlTemplate":"https:\/\/www.moree.de\/fr\/?s={search_term_string}"},"query-input":{"@type":"PropertyValueSpecification","valueRequired":true,"valueName":"search_term_string"}}],"inLanguage":"fr-FR"},{"@type":"Organization","@id":"https:\/\/www.moree.de\/fr\/#organization","name":"Moree.de","url":"https:\/\/www.moree.de\/fr\/","logo":{"@type":"ImageObject","inLanguage":"fr-FR","@id":"https:\/\/www.moree.de\/fr\/#\/schema\/logo\/image\/","url":"https:\/\/www.moree.de\/wp-content\/uploads\/2021\/05\/moree-logo.svg","contentUrl":"https:\/\/www.moree.de\/wp-content\/uploads\/2021\/05\/moree-logo.svg","width":349,"height":62,"caption":"Moree.de"},"image":{"@id":"https:\/\/www.moree.de\/fr\/#\/schema\/logo\/image\/"}}]}},"_links":{"self":[{"href":"https:\/\/www.moree.de\/fr\/wp-json\/wp\/v2\/product\/8063","targetHints":{"allow":["GET"]}}],"collection":[{"href":"https:\/\/www.moree.de\/fr\/wp-json\/wp\/v2\/product"}],"about":[{"href":"https:\/\/www.moree.de\/fr\/wp-json\/wp\/v2\/types\/product"}],"wp:featuredmedia":[{"embeddable":true,"href":"https:\/\/www.moree.de\/fr\/wp-json\/wp\/v2\/media\/20676"}],"wp:attachment":[{"href":"https:\/\/www.moree.de\/fr\/wp-json\/wp\/v2\/media?parent=8063"}],"wp:term":[{"taxonomy":"product_brand","embeddable":true,"href":"https:\/\/www.moree.de\/fr\/wp-json\/wp\/v2\/product_brand?post=8063"},{"taxonomy":"product_cat","embeddable":true,"href":"https:\/\/www.moree.de\/fr\/wp-json\/wp\/v2\/product_cat?post=8063"},{"taxonomy":"product_tag","embeddable":true,"href":"https:\/\/www.moree.de\/fr\/wp-json\/wp\/v2\/product_tag?post=8063"}],"curies":[{"name":"wp","href":"https:\/\/api.w.org\/{rel}","templated":true}]}}