{"id":8064,"date":"2022-02-25T17:18:37","date_gmt":"2021-06-25T15:18:37","guid":{"rendered":"https:\/\/www.moree.de\/produkt\/8064\/"},"modified":"2025-10-29T13:33:02","modified_gmt":"2025-10-29T12:33:02","slug":"lampe-solaire-exterieur","status":"publish","type":"product","link":"https:\/\/www.moree.de\/fr\/produit\/lampe-solaire-exterieur\/","title":{"rendered":"Lanterne solaire Louis &#8211; blanc"},"content":{"rendered":"<p>LOUIS &#8211; Lampe solair exterieur pour jardin, terrasse et balcon avec 2 options de chargement diff\u00e9rentes.<br \/>\nCette r\u00e9interpr\u00e9tation r\u00e9ussie d&rsquo;une lanterne de jardin conventionnelle de Moree offre une solution parfaite pour un \u00e9clairage sans c\u00e2ble d&rsquo;alimentation ni prise. La lampe solaire \u00ab\u00a0Louis\u00a0\u00bb peut \u00eatre utilis\u00e9e comme lampe de table et lampadaire \u00e0 l&rsquo;ext\u00e9rieur, mais aussi sur le rebord de la fen\u00eatre \u00e0 l&rsquo;int\u00e9rieur, partout o\u00f9 il n&rsquo;y a pas de prises de courant. Con\u00e7ue en forme de lanterne ouverte, la lanterne solaire marque les esprits par son aspect \u00e9lanc\u00e9 et cette technologie sophistiqu\u00e9e. Gr\u00e2ce \u00e0 la batterie solaire rechargeable, cette lanterne reste ind\u00e9pendante de l&rsquo;alimentation \u00e9lectrique et fournit une lumi\u00e8re vive et chaude pendant longtemps.<\/p>\n<p>Double charge gr\u00e2ce au panneau solaire, \u00e0 la batterie et au chargeur<br \/>\nLe panneau solaire int\u00e9gr\u00e9 recharge les batteries de la lanterne pendant la journ\u00e9e pour permettre aux LED blanc chaud de briller d\u00e8s le cr\u00e9puscule. Si cela ne suffit pas \u00e0 maintenir la luminosit\u00e9 souhait\u00e9e, la batterie rechargeable peut \u00e9galement \u00eatre recharg\u00e9e avec un bloc d&rsquo;alimentation USB en cas de besoin, par exemple pendant la saison sombre. Cela garantit une fonctionnalit\u00e9 totale tout au long de l&rsquo;ann\u00e9e. En \u00e9t\u00e9 comme une lampe solair exterieur sur la table du jardin, en hiver une belle illumination pour le rebord de la fen\u00eatre.<\/p>\n<p>Variateur tactile<br \/>\nLa lanterne solaire Louis est \u00e9galement \u00e9quip\u00e9e d&rsquo;un variateur d&rsquo;intensit\u00e9 tactile, ce qui rend son utilisation tr\u00e8s confortable. L&rsquo;intensit\u00e9 lumineuse peut \u00eatre r\u00e9gl\u00e9e en continu et facilement.<\/p>\n<p>Gr\u00e2ce \u00e0 la classe de protection IP54, la lanterne est prot\u00e9g\u00e9e en toute s\u00e9curit\u00e9 contre la p\u00e9n\u00e9tration des \u00e9claboussures d&rsquo;eau et convient donc parfaitement \u00e0 une utilisation en ext\u00e9rieur, mais fait \u00e9galement tr\u00e8s bonne figure dans le salon et la salle \u00e0 manger ou sur le rebord de la fen\u00eatre. La lanterne solaire en aluminium thermolaqu\u00e9 brille par son design moderne, clair et simple.<\/p>\n<p>Variations de couleur de la lampe solair exterieur<br \/>\nLa lanterne solaire est disponible dans les couleurs blanc et anthracite. La lampe peut \u00eatre utilis\u00e9e comme \u00e9clairage mobile pour l&rsquo;int\u00e9rieur et l&rsquo;ext\u00e9rieur, car elle est \u00e9quip\u00e9e d&rsquo;une poign\u00e9e et peut \u00eatre merveilleusement transport\u00e9e, mais elle s&rsquo;impose aussi tr\u00e8s bien comme \u00e9l\u00e9ment fixe de l&rsquo;\u00e9clairage du jardin. La lanterne solaire Louis peut \u00eatre utilis\u00e9e comme une jolie lampe de table ou comme un \u00e9l\u00e9ment d\u00e9coratif qui ravira tout jardin ou terrasse \u00e0 la tomb\u00e9e de la nuit.<\/p>\n<p>Que ce soit pour un \u00e9clairage de table ou comme lampadaire, la lanterne solaire Louis est parfaite pour \u00e9clairer les jardins, les terrasses ou les balcons. Gr\u00e2ce \u00e0 ses diff\u00e9rentes intensit\u00e9s lumineuses, il peut servir d&rsquo;\u00e9clairage de chemin ou mettre des accents dans la profondeur du jardin. Avec une intensit\u00e9 lumineuse r\u00e9duite, la lampe solaire remplace les bougies sur les tables \u00e0 manger ou les tables d&rsquo;appoint.<\/p>\n<p>La lampe de jardin solaire est \u00e9galement disponible en <a href=\"https:\/\/www.moree.de\/fr\/produit\/lampe-solaire\/\">anthracite<\/a>.<\/p>\n\n","protected":false},"excerpt":{"rendered":"<p>\u00c9conomisez de l&rsquo;\u00e9nergie et rechargez \u00e0 l&rsquo;\u00e9nergie solaire ! De plus, la batterie peut \u00eatre recharg\u00e9e par un chargeur. Une autre variante de couleur de ce luminaire haut de gamme est disponible en anthracite mat.<\/p>\n","protected":false},"featured_media":5022,"template":"","meta":{"_acf_changed":false},"product_brand":[],"product_cat":[270,487,272,492,490,488,510,485],"product_tag":[],"class_list":{"0":"post-8064","1":"product","2":"type-product","3":"status-publish","4":"has-post-thumbnail","6":"product_cat-lampe-sans-fil","7":"product_cat-eclairage-led","8":"product_cat-salon-de-jardin-exterieur","9":"product_cat-ampe-de-table-exterieur","10":"product_cat-eclairage-solaire-exterieur","11":"product_cat-deco-lumiere","12":"product_cat-eclairage-exterieur-terrasse","13":"product_cat-lampe-exterieure-sans-fil","15":"first","16":"instock","17":"taxable","18":"shipping-taxable","19":"purchasable","20":"product-type-simple"},"acf":[],"yoast_head":"<!-- This site is optimized with the Yoast SEO plugin v26.8 - https:\/\/yoast.com\/product\/yoast-seo-wordpress\/ -->\n<title>lampe solair exterieur Louis - Moree.de<\/title>\n<meta name=\"description\" content=\"LOUIS - Lanterne solaire pour jardin, terrasse et balcon avec 2 options de chargement diff\u00e9rentes. Disponible en blanc et anthracite.\" \/>\n<meta name=\"robots\" content=\"index, follow, max-snippet:-1, max-image-preview:large, max-video-preview:-1\" \/>\n<link rel=\"canonical\" href=\"https:\/\/www.moree.de\/fr\/produit\/lampe-solaire-exterieur\/\" \/>\n<meta property=\"og:locale\" content=\"fr_FR\" \/>\n<meta property=\"og:type\" content=\"article\" \/>\n<meta property=\"og:title\" content=\"lampe solair exterieur Louis - Moree.de\" \/>\n<meta property=\"og:description\" content=\"LOUIS - Lanterne solaire pour jardin, terrasse et balcon avec 2 options de chargement diff\u00e9rentes. Disponible en blanc et anthracite.\" \/>\n<meta property=\"og:url\" content=\"https:\/\/www.moree.de\/fr\/produit\/lampe-solaire-exterieur\/\" \/>\n<meta property=\"og:site_name\" content=\"Moree.de\" \/>\n<meta property=\"article:modified_time\" content=\"2025-10-29T12:33:02+00:00\" \/>\n<meta property=\"og:image\" content=\"https:\/\/www.moree.de\/wp-content\/uploads\/2021\/06\/38-01-36-Solarleuchte-deko-weiss-laterne-garten-metall-solar-laterne-outdoor.jpg\" \/>\n\t<meta property=\"og:image:width\" content=\"1200\" \/>\n\t<meta property=\"og:image:height\" content=\"1200\" \/>\n\t<meta property=\"og:image:type\" content=\"image\/jpeg\" \/>\n<meta name=\"twitter:card\" content=\"summary_large_image\" \/>\n<meta name=\"twitter:label1\" content=\"Dur\u00e9e de lecture estim\u00e9e\" \/>\n\t<meta name=\"twitter:data1\" content=\"3 minutes\" \/>\n<script type=\"application\/ld+json\" class=\"yoast-schema-graph\">{\"@context\":\"https:\/\/schema.org\",\"@graph\":[{\"@type\":\"WebPage\",\"@id\":\"https:\/\/www.moree.de\/fr\/produit\/lampe-solaire-exterieur\/\",\"url\":\"https:\/\/www.moree.de\/fr\/produit\/lampe-solaire-exterieur\/\",\"name\":\"lampe solair exterieur Louis - Moree.de\",\"isPartOf\":{\"@id\":\"https:\/\/www.moree.de\/fr\/#website\"},\"primaryImageOfPage\":{\"@id\":\"https:\/\/www.moree.de\/fr\/produit\/lampe-solaire-exterieur\/#primaryimage\"},\"image\":{\"@id\":\"https:\/\/www.moree.de\/fr\/produit\/lampe-solaire-exterieur\/#primaryimage\"},\"thumbnailUrl\":\"https:\/\/www.moree.de\/wp-content\/uploads\/2021\/06\/38-01-36-Solarleuchte-deko-weiss-laterne-garten-metall-solar-laterne-outdoor.jpg\",\"datePublished\":\"2021-06-25T15:18:37+00:00\",\"dateModified\":\"2025-10-29T12:33:02+00:00\",\"description\":\"LOUIS - Lanterne solaire pour jardin, terrasse et balcon avec 2 options de chargement diff\u00e9rentes. Disponible en blanc et anthracite.\",\"breadcrumb\":{\"@id\":\"https:\/\/www.moree.de\/fr\/produit\/lampe-solaire-exterieur\/#breadcrumb\"},\"inLanguage\":\"fr-FR\",\"potentialAction\":[{\"@type\":\"ReadAction\",\"target\":[\"https:\/\/www.moree.de\/fr\/produit\/lampe-solaire-exterieur\/\"]}]},{\"@type\":\"ImageObject\",\"inLanguage\":\"fr-FR\",\"@id\":\"https:\/\/www.moree.de\/fr\/produit\/lampe-solaire-exterieur\/#primaryimage\",\"url\":\"https:\/\/www.moree.de\/wp-content\/uploads\/2021\/06\/38-01-36-Solarleuchte-deko-weiss-laterne-garten-metall-solar-laterne-outdoor.jpg\",\"contentUrl\":\"https:\/\/www.moree.de\/wp-content\/uploads\/2021\/06\/38-01-36-Solarleuchte-deko-weiss-laterne-garten-metall-solar-laterne-outdoor.jpg\",\"width\":1200,\"height\":1200,\"caption\":\"lampe solair exterieur, Luminaire sans fil, Lampe ext\u00e9rieur solaire\"},{\"@type\":\"BreadcrumbList\",\"@id\":\"https:\/\/www.moree.de\/fr\/produit\/lampe-solaire-exterieur\/#breadcrumb\",\"itemListElement\":[{\"@type\":\"ListItem\",\"position\":1,\"name\":\"Home\",\"item\":\"https:\/\/www.moree.de\/fr\/\"},{\"@type\":\"ListItem\",\"position\":2,\"name\":\"Shop\",\"item\":\"https:\/\/www.moree.de\/shop\/\"},{\"@type\":\"ListItem\",\"position\":3,\"name\":\"Lanterne solaire Louis &#8211; blanc\"}]},{\"@type\":\"WebSite\",\"@id\":\"https:\/\/www.moree.de\/fr\/#website\",\"url\":\"https:\/\/www.moree.de\/fr\/\",\"name\":\"Moree.de\",\"description\":\"Gastronomie M\u00f6bel, Lounge M\u00f6bel, Barhocker und LED M\u00f6bel\",\"publisher\":{\"@id\":\"https:\/\/www.moree.de\/fr\/#organization\"},\"potentialAction\":[{\"@type\":\"SearchAction\",\"target\":{\"@type\":\"EntryPoint\",\"urlTemplate\":\"https:\/\/www.moree.de\/fr\/?s={search_term_string}\"},\"query-input\":{\"@type\":\"PropertyValueSpecification\",\"valueRequired\":true,\"valueName\":\"search_term_string\"}}],\"inLanguage\":\"fr-FR\"},{\"@type\":\"Organization\",\"@id\":\"https:\/\/www.moree.de\/fr\/#organization\",\"name\":\"Moree.de\",\"url\":\"https:\/\/www.moree.de\/fr\/\",\"logo\":{\"@type\":\"ImageObject\",\"inLanguage\":\"fr-FR\",\"@id\":\"https:\/\/www.moree.de\/fr\/#\/schema\/logo\/image\/\",\"url\":\"https:\/\/www.moree.de\/wp-content\/uploads\/2021\/05\/moree-logo.svg\",\"contentUrl\":\"https:\/\/www.moree.de\/wp-content\/uploads\/2021\/05\/moree-logo.svg\",\"width\":349,\"height\":62,\"caption\":\"Moree.de\"},\"image\":{\"@id\":\"https:\/\/www.moree.de\/fr\/#\/schema\/logo\/image\/\"}}]}<\/script>\n<!-- \/ Yoast SEO plugin. -->","yoast_head_json":{"title":"lampe solair exterieur Louis - Moree.de","description":"LOUIS - Lanterne solaire pour jardin, terrasse et balcon avec 2 options de chargement diff\u00e9rentes. Disponible en blanc et anthracite.","robots":{"index":"index","follow":"follow","max-snippet":"max-snippet:-1","max-image-preview":"max-image-preview:large","max-video-preview":"max-video-preview:-1"},"canonical":"https:\/\/www.moree.de\/fr\/produit\/lampe-solaire-exterieur\/","og_locale":"fr_FR","og_type":"article","og_title":"lampe solair exterieur Louis - Moree.de","og_description":"LOUIS - Lanterne solaire pour jardin, terrasse et balcon avec 2 options de chargement diff\u00e9rentes. Disponible en blanc et anthracite.","og_url":"https:\/\/www.moree.de\/fr\/produit\/lampe-solaire-exterieur\/","og_site_name":"Moree.de","article_modified_time":"2025-10-29T12:33:02+00:00","og_image":[{"width":1200,"height":1200,"url":"https:\/\/www.moree.de\/wp-content\/uploads\/2021\/06\/38-01-36-Solarleuchte-deko-weiss-laterne-garten-metall-solar-laterne-outdoor.jpg","type":"image\/jpeg"}],"twitter_card":"summary_large_image","twitter_misc":{"Dur\u00e9e de lecture estim\u00e9e":"3 minutes"},"schema":{"@context":"https:\/\/schema.org","@graph":[{"@type":"WebPage","@id":"https:\/\/www.moree.de\/fr\/produit\/lampe-solaire-exterieur\/","url":"https:\/\/www.moree.de\/fr\/produit\/lampe-solaire-exterieur\/","name":"lampe solair exterieur Louis - Moree.de","isPartOf":{"@id":"https:\/\/www.moree.de\/fr\/#website"},"primaryImageOfPage":{"@id":"https:\/\/www.moree.de\/fr\/produit\/lampe-solaire-exterieur\/#primaryimage"},"image":{"@id":"https:\/\/www.moree.de\/fr\/produit\/lampe-solaire-exterieur\/#primaryimage"},"thumbnailUrl":"https:\/\/www.moree.de\/wp-content\/uploads\/2021\/06\/38-01-36-Solarleuchte-deko-weiss-laterne-garten-metall-solar-laterne-outdoor.jpg","datePublished":"2021-06-25T15:18:37+00:00","dateModified":"2025-10-29T12:33:02+00:00","description":"LOUIS - Lanterne solaire pour jardin, terrasse et balcon avec 2 options de chargement diff\u00e9rentes. Disponible en blanc et anthracite.","breadcrumb":{"@id":"https:\/\/www.moree.de\/fr\/produit\/lampe-solaire-exterieur\/#breadcrumb"},"inLanguage":"fr-FR","potentialAction":[{"@type":"ReadAction","target":["https:\/\/www.moree.de\/fr\/produit\/lampe-solaire-exterieur\/"]}]},{"@type":"ImageObject","inLanguage":"fr-FR","@id":"https:\/\/www.moree.de\/fr\/produit\/lampe-solaire-exterieur\/#primaryimage","url":"https:\/\/www.moree.de\/wp-content\/uploads\/2021\/06\/38-01-36-Solarleuchte-deko-weiss-laterne-garten-metall-solar-laterne-outdoor.jpg","contentUrl":"https:\/\/www.moree.de\/wp-content\/uploads\/2021\/06\/38-01-36-Solarleuchte-deko-weiss-laterne-garten-metall-solar-laterne-outdoor.jpg","width":1200,"height":1200,"caption":"lampe solair exterieur, Luminaire sans fil, Lampe ext\u00e9rieur solaire"},{"@type":"BreadcrumbList","@id":"https:\/\/www.moree.de\/fr\/produit\/lampe-solaire-exterieur\/#breadcrumb","itemListElement":[{"@type":"ListItem","position":1,"name":"Home","item":"https:\/\/www.moree.de\/fr\/"},{"@type":"ListItem","position":2,"name":"Shop","item":"https:\/\/www.moree.de\/shop\/"},{"@type":"ListItem","position":3,"name":"Lanterne solaire Louis &#8211; blanc"}]},{"@type":"WebSite","@id":"https:\/\/www.moree.de\/fr\/#website","url":"https:\/\/www.moree.de\/fr\/","name":"Moree.de","description":"Gastronomie M\u00f6bel, Lounge M\u00f6bel, Barhocker und LED M\u00f6bel","publisher":{"@id":"https:\/\/www.moree.de\/fr\/#organization"},"potentialAction":[{"@type":"SearchAction","target":{"@type":"EntryPoint","urlTemplate":"https:\/\/www.moree.de\/fr\/?s={search_term_string}"},"query-input":{"@type":"PropertyValueSpecification","valueRequired":true,"valueName":"search_term_string"}}],"inLanguage":"fr-FR"},{"@type":"Organization","@id":"https:\/\/www.moree.de\/fr\/#organization","name":"Moree.de","url":"https:\/\/www.moree.de\/fr\/","logo":{"@type":"ImageObject","inLanguage":"fr-FR","@id":"https:\/\/www.moree.de\/fr\/#\/schema\/logo\/image\/","url":"https:\/\/www.moree.de\/wp-content\/uploads\/2021\/05\/moree-logo.svg","contentUrl":"https:\/\/www.moree.de\/wp-content\/uploads\/2021\/05\/moree-logo.svg","width":349,"height":62,"caption":"Moree.de"},"image":{"@id":"https:\/\/www.moree.de\/fr\/#\/schema\/logo\/image\/"}}]}},"_links":{"self":[{"href":"https:\/\/www.moree.de\/fr\/wp-json\/wp\/v2\/product\/8064","targetHints":{"allow":["GET"]}}],"collection":[{"href":"https:\/\/www.moree.de\/fr\/wp-json\/wp\/v2\/product"}],"about":[{"href":"https:\/\/www.moree.de\/fr\/wp-json\/wp\/v2\/types\/product"}],"wp:featuredmedia":[{"embeddable":true,"href":"https:\/\/www.moree.de\/fr\/wp-json\/wp\/v2\/media\/5022"}],"wp:attachment":[{"href":"https:\/\/www.moree.de\/fr\/wp-json\/wp\/v2\/media?parent=8064"}],"wp:term":[{"taxonomy":"product_brand","embeddable":true,"href":"https:\/\/www.moree.de\/fr\/wp-json\/wp\/v2\/product_brand?post=8064"},{"taxonomy":"product_cat","embeddable":true,"href":"https:\/\/www.moree.de\/fr\/wp-json\/wp\/v2\/product_cat?post=8064"},{"taxonomy":"product_tag","embeddable":true,"href":"https:\/\/www.moree.de\/fr\/wp-json\/wp\/v2\/product_tag?post=8064"}],"curies":[{"name":"wp","href":"https:\/\/api.w.org\/{rel}","templated":true}]}}