{"id":8071,"date":"2021-06-15T14:14:46","date_gmt":"2021-06-15T12:14:46","guid":{"rendered":"https:\/\/www.moree.de\/produkt\/lounge-45\/"},"modified":"2025-10-29T13:34:48","modified_gmt":"2025-10-29T12:34:48","slug":"table-basse-exterieur-2","status":"publish","type":"product","link":"https:\/\/www.moree.de\/fr\/produit\/table-basse-exterieur-2\/","title":{"rendered":"Lounge 45"},"content":{"rendered":"<p>The Lounge light tables (\u00d8 85 cm) from Moree are available in heights of 45 and 105 cm.<\/p>\n<p>The futuristic table surface and matt silver powder-coated base combine to create a table that is both a source of light and an eye-catcher. Whether for private or catering use, the series offers the right storage space for every occasion.<\/p>\n<p>Lounge 45 is an ideal occasional table. At 45 cm high, it&rsquo;s the perfect height for placing next to an armchair or sofa. This version offers easily accessible storage space for cocktail glasses, magazines and much more, while the indirect lighting creates a pleasant atmosphere.<\/p>\n<p>Lounge 105: this version of the high table will liven up any party. With a comfortable height of 105 cm, this design object invites you to a relaxed standing party.<\/p>\n<p>Each table in the Lounge range is available both indoors and outdoors in a water-resistant version that can also be recharged wirelessly. So the garden too can be illuminated with atmosphere, whatever the weather.<\/p>\n<p>Thanks to innovative, extremely energy-efficient multicolour LED technology, the entire colour spectrum can be produced, including white. The intensity and colour of the lighting can be controlled by remote control.<\/p>\n<p>A glass table top is included. All versions are also available without a light source.<\/p>\n<p>Vous trouverez toutes les variantes de produits dans notre <span style=\"color: #ff0000;\"><strong><a style=\"color: #ff0000;\" href=\"https:\/\/www.moree.de\/wp-content\/uploads\/2024\/09\/240905-Flyer-Lounge-45-Variants-DE-EN.pdf\">d\u00e9pliant<\/a><\/strong><\/span><a href=\"https:\/\/www.moree.de\/wp-content\/uploads\/2024\/09\/240905-Flyer-Lounge-45-Variants-DE-EN.pdf\"><strong><span style=\"color: #ff0000;\">, \u00e0 t\u00e9l\u00e9charger ici.<\/span><\/strong><\/a><\/p>\n","protected":false},"excerpt":{"rendered":"<p><strong>Les tables lumineuses Lounge (\u00d8 85 cm) de Moree sont disponibles en hauteur 45 et 105 cm.<\/strong>\u00a0La surface de table de forme futuriste et le pi\u00e8tement rev\u00eatu par poudre argent mat forment ensemble une table qui est \u00e0 la fois source de lumi\u00e8re et accroche-regard. Que ce soit pour le priv\u00e9 ou la restauration, la s\u00e9rie offre un lieu de rangement adapt\u00e9 \u00e0 chaque occasion.<\/p>\n","protected":false},"featured_media":22219,"template":"","meta":{"_acf_changed":false},"product_brand":[],"product_cat":[270,272,268,265,269,275,264,271,274,273],"product_tag":[],"class_list":{"0":"post-8071","1":"product","2":"type-product","3":"status-publish","4":"has-post-thumbnail","6":"product_cat-lampe-sans-fil","7":"product_cat-salon-de-jardin-exterieur","8":"product_cat-mobilier-design","9":"product_cat-tables-a-del","10":"product_cat-table-a-manger","11":"product_cat-table-basse-led","12":"product_cat-table-basse-lumineuse-led","13":"product_cat-table-led","14":"product_cat-mobilier-de-jardin","15":"product_cat-mobilier-lumineux-exterieur","17":"first","18":"instock","19":"taxable","20":"shipping-taxable","21":"purchasable","22":"product-type-variable"},"acf":[],"yoast_head":"<!-- This site is optimized with the Yoast SEO plugin v26.8 - https:\/\/yoast.com\/product\/yoast-seo-wordpress\/ -->\n<title>Lounge 45 - Moree.de<\/title>\n<meta name=\"robots\" content=\"index, follow, max-snippet:-1, max-image-preview:large, max-video-preview:-1\" \/>\n<link rel=\"canonical\" href=\"https:\/\/www.moree.de\/fr\/produit\/table-basse-exterieur-2\/\" \/>\n<meta property=\"og:locale\" content=\"fr_FR\" \/>\n<meta property=\"og:type\" content=\"article\" \/>\n<meta property=\"og:title\" content=\"Lounge 45 - Moree.de\" \/>\n<meta property=\"og:description\" content=\"Les tables lumineuses Lounge (\u00d8 85 cm) de Moree sont disponibles en hauteur 45 et 105 cm.\u00a0La surface de table de forme futuriste et le pi\u00e8tement rev\u00eatu par poudre argent mat forment ensemble une table qui est \u00e0 la fois source de lumi\u00e8re et accroche-regard. Que ce soit pour le priv\u00e9 ou la restauration, la s\u00e9rie offre un lieu de rangement adapt\u00e9 \u00e0 chaque occasion.\" \/>\n<meta property=\"og:url\" content=\"https:\/\/www.moree.de\/fr\/produit\/table-basse-exterieur-2\/\" \/>\n<meta property=\"og:site_name\" content=\"Moree.de\" \/>\n<meta property=\"article:modified_time\" content=\"2025-10-29T12:34:48+00:00\" \/>\n<meta property=\"og:image\" content=\"https:\/\/www.moree.de\/wp-content\/uploads\/2024\/08\/Moree-Lounge-45-Outdoor-Terrasse-Gartenmoebel-runder-LED-Gastrotisch-Event-Hotel-beleuchtet.jpg\" \/>\n\t<meta property=\"og:image:width\" content=\"1200\" \/>\n\t<meta property=\"og:image:height\" content=\"900\" \/>\n\t<meta property=\"og:image:type\" content=\"image\/jpeg\" \/>\n<meta name=\"twitter:card\" content=\"summary_large_image\" \/>\n<meta name=\"twitter:label1\" content=\"Dur\u00e9e de lecture estim\u00e9e\" \/>\n\t<meta name=\"twitter:data1\" content=\"2 minutes\" \/>\n<script type=\"application\/ld+json\" class=\"yoast-schema-graph\">{\"@context\":\"https:\/\/schema.org\",\"@graph\":[{\"@type\":\"WebPage\",\"@id\":\"https:\/\/www.moree.de\/fr\/produit\/table-basse-exterieur-2\/\",\"url\":\"https:\/\/www.moree.de\/fr\/produit\/table-basse-exterieur-2\/\",\"name\":\"Lounge 45 - Moree.de\",\"isPartOf\":{\"@id\":\"https:\/\/www.moree.de\/fr\/#website\"},\"primaryImageOfPage\":{\"@id\":\"https:\/\/www.moree.de\/fr\/produit\/table-basse-exterieur-2\/#primaryimage\"},\"image\":{\"@id\":\"https:\/\/www.moree.de\/fr\/produit\/table-basse-exterieur-2\/#primaryimage\"},\"thumbnailUrl\":\"https:\/\/www.moree.de\/wp-content\/uploads\/2024\/08\/Moree-Lounge-45-Outdoor-Terrasse-Gartenmoebel-runder-LED-Gastrotisch-Event-Hotel-beleuchtet.jpg\",\"datePublished\":\"2021-06-15T12:14:46+00:00\",\"dateModified\":\"2025-10-29T12:34:48+00:00\",\"breadcrumb\":{\"@id\":\"https:\/\/www.moree.de\/fr\/produit\/table-basse-exterieur-2\/#breadcrumb\"},\"inLanguage\":\"fr-FR\",\"potentialAction\":[{\"@type\":\"ReadAction\",\"target\":[\"https:\/\/www.moree.de\/fr\/produit\/table-basse-exterieur-2\/\"]}]},{\"@type\":\"ImageObject\",\"inLanguage\":\"fr-FR\",\"@id\":\"https:\/\/www.moree.de\/fr\/produit\/table-basse-exterieur-2\/#primaryimage\",\"url\":\"https:\/\/www.moree.de\/wp-content\/uploads\/2024\/08\/Moree-Lounge-45-Outdoor-Terrasse-Gartenmoebel-runder-LED-Gastrotisch-Event-Hotel-beleuchtet.jpg\",\"contentUrl\":\"https:\/\/www.moree.de\/wp-content\/uploads\/2024\/08\/Moree-Lounge-45-Outdoor-Terrasse-Gartenmoebel-runder-LED-Gastrotisch-Event-Hotel-beleuchtet.jpg\",\"width\":1200,\"height\":900,\"caption\":\"Lounge 105 LED Accu Outdoor\"},{\"@type\":\"BreadcrumbList\",\"@id\":\"https:\/\/www.moree.de\/fr\/produit\/table-basse-exterieur-2\/#breadcrumb\",\"itemListElement\":[{\"@type\":\"ListItem\",\"position\":1,\"name\":\"Home\",\"item\":\"https:\/\/www.moree.de\/fr\/\"},{\"@type\":\"ListItem\",\"position\":2,\"name\":\"Shop\",\"item\":\"https:\/\/www.moree.de\/shop\/\"},{\"@type\":\"ListItem\",\"position\":3,\"name\":\"Lounge 45\"}]},{\"@type\":\"WebSite\",\"@id\":\"https:\/\/www.moree.de\/fr\/#website\",\"url\":\"https:\/\/www.moree.de\/fr\/\",\"name\":\"Moree.de\",\"description\":\"Gastronomie M\u00f6bel, Lounge M\u00f6bel, Barhocker und LED M\u00f6bel\",\"publisher\":{\"@id\":\"https:\/\/www.moree.de\/fr\/#organization\"},\"potentialAction\":[{\"@type\":\"SearchAction\",\"target\":{\"@type\":\"EntryPoint\",\"urlTemplate\":\"https:\/\/www.moree.de\/fr\/?s={search_term_string}\"},\"query-input\":{\"@type\":\"PropertyValueSpecification\",\"valueRequired\":true,\"valueName\":\"search_term_string\"}}],\"inLanguage\":\"fr-FR\"},{\"@type\":\"Organization\",\"@id\":\"https:\/\/www.moree.de\/fr\/#organization\",\"name\":\"Moree.de\",\"url\":\"https:\/\/www.moree.de\/fr\/\",\"logo\":{\"@type\":\"ImageObject\",\"inLanguage\":\"fr-FR\",\"@id\":\"https:\/\/www.moree.de\/fr\/#\/schema\/logo\/image\/\",\"url\":\"https:\/\/www.moree.de\/wp-content\/uploads\/2021\/05\/moree-logo.svg\",\"contentUrl\":\"https:\/\/www.moree.de\/wp-content\/uploads\/2021\/05\/moree-logo.svg\",\"width\":349,\"height\":62,\"caption\":\"Moree.de\"},\"image\":{\"@id\":\"https:\/\/www.moree.de\/fr\/#\/schema\/logo\/image\/\"}}]}<\/script>\n<!-- \/ Yoast SEO plugin. -->","yoast_head_json":{"title":"Lounge 45 - Moree.de","robots":{"index":"index","follow":"follow","max-snippet":"max-snippet:-1","max-image-preview":"max-image-preview:large","max-video-preview":"max-video-preview:-1"},"canonical":"https:\/\/www.moree.de\/fr\/produit\/table-basse-exterieur-2\/","og_locale":"fr_FR","og_type":"article","og_title":"Lounge 45 - Moree.de","og_description":"Les tables lumineuses Lounge (\u00d8 85 cm) de Moree sont disponibles en hauteur 45 et 105 cm.\u00a0La surface de table de forme futuriste et le pi\u00e8tement rev\u00eatu par poudre argent mat forment ensemble une table qui est \u00e0 la fois source de lumi\u00e8re et accroche-regard. Que ce soit pour le priv\u00e9 ou la restauration, la s\u00e9rie offre un lieu de rangement adapt\u00e9 \u00e0 chaque occasion.","og_url":"https:\/\/www.moree.de\/fr\/produit\/table-basse-exterieur-2\/","og_site_name":"Moree.de","article_modified_time":"2025-10-29T12:34:48+00:00","og_image":[{"width":1200,"height":900,"url":"https:\/\/www.moree.de\/wp-content\/uploads\/2024\/08\/Moree-Lounge-45-Outdoor-Terrasse-Gartenmoebel-runder-LED-Gastrotisch-Event-Hotel-beleuchtet.jpg","type":"image\/jpeg"}],"twitter_card":"summary_large_image","twitter_misc":{"Dur\u00e9e de lecture estim\u00e9e":"2 minutes"},"schema":{"@context":"https:\/\/schema.org","@graph":[{"@type":"WebPage","@id":"https:\/\/www.moree.de\/fr\/produit\/table-basse-exterieur-2\/","url":"https:\/\/www.moree.de\/fr\/produit\/table-basse-exterieur-2\/","name":"Lounge 45 - Moree.de","isPartOf":{"@id":"https:\/\/www.moree.de\/fr\/#website"},"primaryImageOfPage":{"@id":"https:\/\/www.moree.de\/fr\/produit\/table-basse-exterieur-2\/#primaryimage"},"image":{"@id":"https:\/\/www.moree.de\/fr\/produit\/table-basse-exterieur-2\/#primaryimage"},"thumbnailUrl":"https:\/\/www.moree.de\/wp-content\/uploads\/2024\/08\/Moree-Lounge-45-Outdoor-Terrasse-Gartenmoebel-runder-LED-Gastrotisch-Event-Hotel-beleuchtet.jpg","datePublished":"2021-06-15T12:14:46+00:00","dateModified":"2025-10-29T12:34:48+00:00","breadcrumb":{"@id":"https:\/\/www.moree.de\/fr\/produit\/table-basse-exterieur-2\/#breadcrumb"},"inLanguage":"fr-FR","potentialAction":[{"@type":"ReadAction","target":["https:\/\/www.moree.de\/fr\/produit\/table-basse-exterieur-2\/"]}]},{"@type":"ImageObject","inLanguage":"fr-FR","@id":"https:\/\/www.moree.de\/fr\/produit\/table-basse-exterieur-2\/#primaryimage","url":"https:\/\/www.moree.de\/wp-content\/uploads\/2024\/08\/Moree-Lounge-45-Outdoor-Terrasse-Gartenmoebel-runder-LED-Gastrotisch-Event-Hotel-beleuchtet.jpg","contentUrl":"https:\/\/www.moree.de\/wp-content\/uploads\/2024\/08\/Moree-Lounge-45-Outdoor-Terrasse-Gartenmoebel-runder-LED-Gastrotisch-Event-Hotel-beleuchtet.jpg","width":1200,"height":900,"caption":"Lounge 105 LED Accu Outdoor"},{"@type":"BreadcrumbList","@id":"https:\/\/www.moree.de\/fr\/produit\/table-basse-exterieur-2\/#breadcrumb","itemListElement":[{"@type":"ListItem","position":1,"name":"Home","item":"https:\/\/www.moree.de\/fr\/"},{"@type":"ListItem","position":2,"name":"Shop","item":"https:\/\/www.moree.de\/shop\/"},{"@type":"ListItem","position":3,"name":"Lounge 45"}]},{"@type":"WebSite","@id":"https:\/\/www.moree.de\/fr\/#website","url":"https:\/\/www.moree.de\/fr\/","name":"Moree.de","description":"Gastronomie M\u00f6bel, Lounge M\u00f6bel, Barhocker und LED M\u00f6bel","publisher":{"@id":"https:\/\/www.moree.de\/fr\/#organization"},"potentialAction":[{"@type":"SearchAction","target":{"@type":"EntryPoint","urlTemplate":"https:\/\/www.moree.de\/fr\/?s={search_term_string}"},"query-input":{"@type":"PropertyValueSpecification","valueRequired":true,"valueName":"search_term_string"}}],"inLanguage":"fr-FR"},{"@type":"Organization","@id":"https:\/\/www.moree.de\/fr\/#organization","name":"Moree.de","url":"https:\/\/www.moree.de\/fr\/","logo":{"@type":"ImageObject","inLanguage":"fr-FR","@id":"https:\/\/www.moree.de\/fr\/#\/schema\/logo\/image\/","url":"https:\/\/www.moree.de\/wp-content\/uploads\/2021\/05\/moree-logo.svg","contentUrl":"https:\/\/www.moree.de\/wp-content\/uploads\/2021\/05\/moree-logo.svg","width":349,"height":62,"caption":"Moree.de"},"image":{"@id":"https:\/\/www.moree.de\/fr\/#\/schema\/logo\/image\/"}}]}},"_links":{"self":[{"href":"https:\/\/www.moree.de\/fr\/wp-json\/wp\/v2\/product\/8071","targetHints":{"allow":["GET"]}}],"collection":[{"href":"https:\/\/www.moree.de\/fr\/wp-json\/wp\/v2\/product"}],"about":[{"href":"https:\/\/www.moree.de\/fr\/wp-json\/wp\/v2\/types\/product"}],"wp:featuredmedia":[{"embeddable":true,"href":"https:\/\/www.moree.de\/fr\/wp-json\/wp\/v2\/media\/22219"}],"wp:attachment":[{"href":"https:\/\/www.moree.de\/fr\/wp-json\/wp\/v2\/media?parent=8071"}],"wp:term":[{"taxonomy":"product_brand","embeddable":true,"href":"https:\/\/www.moree.de\/fr\/wp-json\/wp\/v2\/product_brand?post=8071"},{"taxonomy":"product_cat","embeddable":true,"href":"https:\/\/www.moree.de\/fr\/wp-json\/wp\/v2\/product_cat?post=8071"},{"taxonomy":"product_tag","embeddable":true,"href":"https:\/\/www.moree.de\/fr\/wp-json\/wp\/v2\/product_tag?post=8071"}],"curies":[{"name":"wp","href":"https:\/\/api.w.org\/{rel}","templated":true}]}}