{"id":8116,"date":"2021-08-12T10:29:15","date_gmt":"2021-07-12T08:29:15","guid":{"rendered":"https:\/\/www.moree.de\/produkt\/studio-45\/"},"modified":"2025-10-29T13:33:17","modified_gmt":"2025-10-29T12:33:17","slug":"table-exterieur-plastique","status":"publish","type":"product","link":"https:\/\/www.moree.de\/fr\/produit\/table-exterieur-plastique\/","title":{"rendered":"Studio 45"},"content":{"rendered":"<p>S\u00e9rie de tables au design \u00e9l\u00e9gant pour l&rsquo;int\u00e9rieur et l&rsquo;ext\u00e9rieur<\/p>\n<p>La s\u00e9rie de tables lumineuses Studio by Moree, disponible en quatre hauteurs, offre la table id\u00e9ale pour chaque occasion et, accessoirement, met la situation donn\u00e9e sous le bon \u00e9clairage. Disponible dans les hauteurs 36, 45, 75 et 105 cm.<\/p>\n<p>La surface futuriste de la table et la base en acier inoxydable bross\u00e9 se combinent pour cr\u00e9er une table qui est \u00e0 la fois une source de lumi\u00e8re et un \u00e9l\u00e9ment d&rsquo;attraction, que ce soit pour un usage priv\u00e9 ou dans le secteur de la restauration.<\/p>\n<p>Les Studio 36 et 45 sont des tables d&rsquo;appoint id\u00e9ales. Avec des hauteurs de 36 ou 45 cm, ils ont la hauteur parfaite pour \u00eatre plac\u00e9s \u00e0 c\u00f4t\u00e9 d&rsquo;un fauteuil ou d&rsquo;un canap\u00e9. Ainsi, ces deux versions offrent un espace de rangement facilement accessible pour les verres \u00e0 cocktail, les magazines et bien plus encore, tout en cr\u00e9ant une atmosph\u00e8re attrayante gr\u00e2ce \u00e0 un \u00e9clairage indirect.<\/p>\n<p>Avec une hauteur de 75 cm, la Studio 75 est la table \u00e0 manger id\u00e9ale. Ici, les invit\u00e9s peuvent s&rsquo;asseoir, d\u00eener, boire et converser \u00e0 une hauteur confortable. Gr\u00e2ce \u00e0 la lumi\u00e8re d&rsquo;ambiance du Studio 75, aucun luminaire suppl\u00e9mentaire, \u00e9ventuellement g\u00eanant, n&rsquo;est n\u00e9cessaire sur la table.<\/p>\n<p>Studio 105 : La version table de bar permet d&rsquo;animer toutes les f\u00eates. Avec une hauteur confortable de 105 cm, l&rsquo;objet design vous invite \u00e0 une f\u00eate debout d\u00e9tendue.<\/p>\n<p>Chaque table de la s\u00e9rie Studio est disponible en version int\u00e9rieure ou ext\u00e9rieure \u00e9tanche, en version avec c\u00e2ble ou sans fil avec une batterie rechargeable. De cette fa\u00e7on, le jardin est \u00e9galement \u00e9clair\u00e9 de mani\u00e8re atmosph\u00e9rique, quel que soit le temps.<\/p>\n<p>Gr\u00e2ce \u00e0 la technologie innovante et extr\u00eamement \u00e9conome en \u00e9nergie des LED multicolores, il est possible de produire tout le spectre des couleurs, y compris le blanc. L&rsquo;intensit\u00e9 et la couleur de l&rsquo;\u00e9clairage peuvent \u00eatre contr\u00f4l\u00e9es par t\u00e9l\u00e9commande.<\/p>\n<p>Un plateau de table en verre est inclus dans la livraison. Toutes les versions sont \u00e9galement disponibles sans source de lumi\u00e8re.<\/p>\n","protected":false},"excerpt":{"rendered":"<p>La s\u00e9rie de tables lumineuses Studio by Moree est disponible en quatre hauteurs, ce qui permet de proposer la table id\u00e9ale pour chaque occasion. Disponible dans les hauteurs 36, 45, 75 et 105 cm.<\/p>\n","protected":false},"featured_media":5150,"template":"","meta":{"_acf_changed":false},"product_brand":[],"product_cat":[270,272,268,265,269,275,264,271,273,274],"product_tag":[],"class_list":{"0":"post-8116","1":"product","2":"type-product","3":"status-publish","4":"has-post-thumbnail","6":"product_cat-lampe-sans-fil","7":"product_cat-salon-de-jardin-exterieur","8":"product_cat-mobilier-design","9":"product_cat-tables-a-del","10":"product_cat-table-a-manger","11":"product_cat-table-basse-led","12":"product_cat-table-basse-lumineuse-led","13":"product_cat-table-led","14":"product_cat-mobilier-lumineux-exterieur","15":"product_cat-mobilier-de-jardin","17":"first","18":"instock","19":"taxable","20":"shipping-taxable","21":"purchasable","22":"product-type-variable"},"acf":[],"yoast_head":"<!-- This site is optimized with the Yoast SEO plugin v26.8 - https:\/\/yoast.com\/product\/yoast-seo-wordpress\/ -->\n<title>Studio 45 - Moree.de<\/title>\n<meta name=\"robots\" content=\"index, follow, max-snippet:-1, max-image-preview:large, max-video-preview:-1\" \/>\n<link rel=\"canonical\" href=\"https:\/\/www.moree.de\/fr\/produit\/table-exterieur-plastique\/\" \/>\n<meta property=\"og:locale\" content=\"fr_FR\" \/>\n<meta property=\"og:type\" content=\"article\" \/>\n<meta property=\"og:title\" content=\"Studio 45 - Moree.de\" \/>\n<meta property=\"og:description\" content=\"La s\u00e9rie de tables lumineuses Studio by Moree est disponible en quatre hauteurs, ce qui permet de proposer la table id\u00e9ale pour chaque occasion. Disponible dans les hauteurs 36, 45, 75 et 105 cm.\" \/>\n<meta property=\"og:url\" content=\"https:\/\/www.moree.de\/fr\/produit\/table-exterieur-plastique\/\" \/>\n<meta property=\"og:site_name\" content=\"Moree.de\" \/>\n<meta property=\"article:modified_time\" content=\"2025-10-29T12:33:17+00:00\" \/>\n<meta property=\"og:image\" content=\"https:\/\/www.moree.de\/wp-content\/uploads\/2021\/07\/16-02-02-Studio-45-Indoor-Moree-beleuchteter-Design-Tisch-Gastronomie-Couchtisch.jpg\" \/>\n\t<meta property=\"og:image:width\" content=\"1600\" \/>\n\t<meta property=\"og:image:height\" content=\"1200\" \/>\n\t<meta property=\"og:image:type\" content=\"image\/jpeg\" \/>\n<meta name=\"twitter:card\" content=\"summary_large_image\" \/>\n<meta name=\"twitter:label1\" content=\"Dur\u00e9e de lecture estim\u00e9e\" \/>\n\t<meta name=\"twitter:data1\" content=\"2 minutes\" \/>\n<script type=\"application\/ld+json\" class=\"yoast-schema-graph\">{\"@context\":\"https:\/\/schema.org\",\"@graph\":[{\"@type\":\"WebPage\",\"@id\":\"https:\/\/www.moree.de\/fr\/produit\/table-exterieur-plastique\/\",\"url\":\"https:\/\/www.moree.de\/fr\/produit\/table-exterieur-plastique\/\",\"name\":\"Studio 45 - Moree.de\",\"isPartOf\":{\"@id\":\"https:\/\/www.moree.de\/fr\/#website\"},\"primaryImageOfPage\":{\"@id\":\"https:\/\/www.moree.de\/fr\/produit\/table-exterieur-plastique\/#primaryimage\"},\"image\":{\"@id\":\"https:\/\/www.moree.de\/fr\/produit\/table-exterieur-plastique\/#primaryimage\"},\"thumbnailUrl\":\"https:\/\/www.moree.de\/wp-content\/uploads\/2021\/07\/16-02-02-Studio-45-Indoor-Moree-beleuchteter-Design-Tisch-Gastronomie-Couchtisch.jpg\",\"datePublished\":\"2021-07-12T08:29:15+00:00\",\"dateModified\":\"2025-10-29T12:33:17+00:00\",\"breadcrumb\":{\"@id\":\"https:\/\/www.moree.de\/fr\/produit\/table-exterieur-plastique\/#breadcrumb\"},\"inLanguage\":\"fr-FR\",\"potentialAction\":[{\"@type\":\"ReadAction\",\"target\":[\"https:\/\/www.moree.de\/fr\/produit\/table-exterieur-plastique\/\"]}]},{\"@type\":\"ImageObject\",\"inLanguage\":\"fr-FR\",\"@id\":\"https:\/\/www.moree.de\/fr\/produit\/table-exterieur-plastique\/#primaryimage\",\"url\":\"https:\/\/www.moree.de\/wp-content\/uploads\/2021\/07\/16-02-02-Studio-45-Indoor-Moree-beleuchteter-Design-Tisch-Gastronomie-Couchtisch.jpg\",\"contentUrl\":\"https:\/\/www.moree.de\/wp-content\/uploads\/2021\/07\/16-02-02-Studio-45-Indoor-Moree-beleuchteter-Design-Tisch-Gastronomie-Couchtisch.jpg\",\"width\":1600,\"height\":1200},{\"@type\":\"BreadcrumbList\",\"@id\":\"https:\/\/www.moree.de\/fr\/produit\/table-exterieur-plastique\/#breadcrumb\",\"itemListElement\":[{\"@type\":\"ListItem\",\"position\":1,\"name\":\"Home\",\"item\":\"https:\/\/www.moree.de\/fr\/\"},{\"@type\":\"ListItem\",\"position\":2,\"name\":\"Shop\",\"item\":\"https:\/\/www.moree.de\/shop\/\"},{\"@type\":\"ListItem\",\"position\":3,\"name\":\"Studio 45\"}]},{\"@type\":\"WebSite\",\"@id\":\"https:\/\/www.moree.de\/fr\/#website\",\"url\":\"https:\/\/www.moree.de\/fr\/\",\"name\":\"Moree.de\",\"description\":\"Gastronomie M\u00f6bel, Lounge M\u00f6bel, Barhocker und LED M\u00f6bel\",\"publisher\":{\"@id\":\"https:\/\/www.moree.de\/fr\/#organization\"},\"potentialAction\":[{\"@type\":\"SearchAction\",\"target\":{\"@type\":\"EntryPoint\",\"urlTemplate\":\"https:\/\/www.moree.de\/fr\/?s={search_term_string}\"},\"query-input\":{\"@type\":\"PropertyValueSpecification\",\"valueRequired\":true,\"valueName\":\"search_term_string\"}}],\"inLanguage\":\"fr-FR\"},{\"@type\":\"Organization\",\"@id\":\"https:\/\/www.moree.de\/fr\/#organization\",\"name\":\"Moree.de\",\"url\":\"https:\/\/www.moree.de\/fr\/\",\"logo\":{\"@type\":\"ImageObject\",\"inLanguage\":\"fr-FR\",\"@id\":\"https:\/\/www.moree.de\/fr\/#\/schema\/logo\/image\/\",\"url\":\"https:\/\/www.moree.de\/wp-content\/uploads\/2021\/05\/moree-logo.svg\",\"contentUrl\":\"https:\/\/www.moree.de\/wp-content\/uploads\/2021\/05\/moree-logo.svg\",\"width\":349,\"height\":62,\"caption\":\"Moree.de\"},\"image\":{\"@id\":\"https:\/\/www.moree.de\/fr\/#\/schema\/logo\/image\/\"}}]}<\/script>\n<!-- \/ Yoast SEO plugin. -->","yoast_head_json":{"title":"Studio 45 - Moree.de","robots":{"index":"index","follow":"follow","max-snippet":"max-snippet:-1","max-image-preview":"max-image-preview:large","max-video-preview":"max-video-preview:-1"},"canonical":"https:\/\/www.moree.de\/fr\/produit\/table-exterieur-plastique\/","og_locale":"fr_FR","og_type":"article","og_title":"Studio 45 - Moree.de","og_description":"La s\u00e9rie de tables lumineuses Studio by Moree est disponible en quatre hauteurs, ce qui permet de proposer la table id\u00e9ale pour chaque occasion. Disponible dans les hauteurs 36, 45, 75 et 105 cm.","og_url":"https:\/\/www.moree.de\/fr\/produit\/table-exterieur-plastique\/","og_site_name":"Moree.de","article_modified_time":"2025-10-29T12:33:17+00:00","og_image":[{"width":1600,"height":1200,"url":"https:\/\/www.moree.de\/wp-content\/uploads\/2021\/07\/16-02-02-Studio-45-Indoor-Moree-beleuchteter-Design-Tisch-Gastronomie-Couchtisch.jpg","type":"image\/jpeg"}],"twitter_card":"summary_large_image","twitter_misc":{"Dur\u00e9e de lecture estim\u00e9e":"2 minutes"},"schema":{"@context":"https:\/\/schema.org","@graph":[{"@type":"WebPage","@id":"https:\/\/www.moree.de\/fr\/produit\/table-exterieur-plastique\/","url":"https:\/\/www.moree.de\/fr\/produit\/table-exterieur-plastique\/","name":"Studio 45 - Moree.de","isPartOf":{"@id":"https:\/\/www.moree.de\/fr\/#website"},"primaryImageOfPage":{"@id":"https:\/\/www.moree.de\/fr\/produit\/table-exterieur-plastique\/#primaryimage"},"image":{"@id":"https:\/\/www.moree.de\/fr\/produit\/table-exterieur-plastique\/#primaryimage"},"thumbnailUrl":"https:\/\/www.moree.de\/wp-content\/uploads\/2021\/07\/16-02-02-Studio-45-Indoor-Moree-beleuchteter-Design-Tisch-Gastronomie-Couchtisch.jpg","datePublished":"2021-07-12T08:29:15+00:00","dateModified":"2025-10-29T12:33:17+00:00","breadcrumb":{"@id":"https:\/\/www.moree.de\/fr\/produit\/table-exterieur-plastique\/#breadcrumb"},"inLanguage":"fr-FR","potentialAction":[{"@type":"ReadAction","target":["https:\/\/www.moree.de\/fr\/produit\/table-exterieur-plastique\/"]}]},{"@type":"ImageObject","inLanguage":"fr-FR","@id":"https:\/\/www.moree.de\/fr\/produit\/table-exterieur-plastique\/#primaryimage","url":"https:\/\/www.moree.de\/wp-content\/uploads\/2021\/07\/16-02-02-Studio-45-Indoor-Moree-beleuchteter-Design-Tisch-Gastronomie-Couchtisch.jpg","contentUrl":"https:\/\/www.moree.de\/wp-content\/uploads\/2021\/07\/16-02-02-Studio-45-Indoor-Moree-beleuchteter-Design-Tisch-Gastronomie-Couchtisch.jpg","width":1600,"height":1200},{"@type":"BreadcrumbList","@id":"https:\/\/www.moree.de\/fr\/produit\/table-exterieur-plastique\/#breadcrumb","itemListElement":[{"@type":"ListItem","position":1,"name":"Home","item":"https:\/\/www.moree.de\/fr\/"},{"@type":"ListItem","position":2,"name":"Shop","item":"https:\/\/www.moree.de\/shop\/"},{"@type":"ListItem","position":3,"name":"Studio 45"}]},{"@type":"WebSite","@id":"https:\/\/www.moree.de\/fr\/#website","url":"https:\/\/www.moree.de\/fr\/","name":"Moree.de","description":"Gastronomie M\u00f6bel, Lounge M\u00f6bel, Barhocker und LED M\u00f6bel","publisher":{"@id":"https:\/\/www.moree.de\/fr\/#organization"},"potentialAction":[{"@type":"SearchAction","target":{"@type":"EntryPoint","urlTemplate":"https:\/\/www.moree.de\/fr\/?s={search_term_string}"},"query-input":{"@type":"PropertyValueSpecification","valueRequired":true,"valueName":"search_term_string"}}],"inLanguage":"fr-FR"},{"@type":"Organization","@id":"https:\/\/www.moree.de\/fr\/#organization","name":"Moree.de","url":"https:\/\/www.moree.de\/fr\/","logo":{"@type":"ImageObject","inLanguage":"fr-FR","@id":"https:\/\/www.moree.de\/fr\/#\/schema\/logo\/image\/","url":"https:\/\/www.moree.de\/wp-content\/uploads\/2021\/05\/moree-logo.svg","contentUrl":"https:\/\/www.moree.de\/wp-content\/uploads\/2021\/05\/moree-logo.svg","width":349,"height":62,"caption":"Moree.de"},"image":{"@id":"https:\/\/www.moree.de\/fr\/#\/schema\/logo\/image\/"}}]}},"_links":{"self":[{"href":"https:\/\/www.moree.de\/fr\/wp-json\/wp\/v2\/product\/8116","targetHints":{"allow":["GET"]}}],"collection":[{"href":"https:\/\/www.moree.de\/fr\/wp-json\/wp\/v2\/product"}],"about":[{"href":"https:\/\/www.moree.de\/fr\/wp-json\/wp\/v2\/types\/product"}],"wp:featuredmedia":[{"embeddable":true,"href":"https:\/\/www.moree.de\/fr\/wp-json\/wp\/v2\/media\/5150"}],"wp:attachment":[{"href":"https:\/\/www.moree.de\/fr\/wp-json\/wp\/v2\/media?parent=8116"}],"wp:term":[{"taxonomy":"product_brand","embeddable":true,"href":"https:\/\/www.moree.de\/fr\/wp-json\/wp\/v2\/product_brand?post=8116"},{"taxonomy":"product_cat","embeddable":true,"href":"https:\/\/www.moree.de\/fr\/wp-json\/wp\/v2\/product_cat?post=8116"},{"taxonomy":"product_tag","embeddable":true,"href":"https:\/\/www.moree.de\/fr\/wp-json\/wp\/v2\/product_tag?post=8116"}],"curies":[{"name":"wp","href":"https:\/\/api.w.org\/{rel}","templated":true}]}}