{"id":8334,"date":"2021-08-22T11:59:12","date_gmt":"2021-08-22T09:59:12","guid":{"rendered":"https:\/\/www.moree.de\/product\/compteur-a-del-exemple-1\/"},"modified":"2025-10-29T13:33:15","modified_gmt":"2025-10-29T12:33:15","slug":"compteur-a-del-exemple-1","status":"publish","type":"product","link":"https:\/\/www.moree.de\/fr\/produit\/compteur-a-del-exemple-1\/","title":{"rendered":"Compteur \u00e0 DEL Exemple 1"},"content":{"rendered":"<p><strong>MOREE COMPTEUR \u00e0 DEL<\/strong><br \/>\nAvec les modules de comptoir Moree, vous pouvez cr\u00e9er vos propres configurations de comptoir, parfaitement adapt\u00e9es \u00e0 vos \u00e9v\u00e9nements et \u00e0 vos locaux.<br \/>\nTous les modules peuvent \u00eatre combin\u00e9s les uns avec les autres. Equip\u00e9 de deux lumi\u00e8res LED multicolores sur l&rsquo;avant et l&rsquo;arri\u00e8re (plan de travail) du comptoir, qui peuvent \u00eatre contr\u00f4l\u00e9es ensemble ou s\u00e9par\u00e9ment, une personnalisation suppl\u00e9mentaire est possible gr\u00e2ce aux couleurs\/blancs. Ces fonctions peuvent \u00eatre command\u00e9es via une t\u00e9l\u00e9commande \u00e0 4 canaux.<\/p>\n<p><strong>Exemple 1:<\/strong> un comptoir de r\u00e9ception pour les restaurants et les h\u00f4tels ou un comptoir de service pour les foires et les d\u00e9taillants.<\/p>\n<p><strong>Ce compteur est compos\u00e9 de:<\/strong><br \/>\n\u2022 1 module de 1 m\u00e8tre (Mod. 19-01-01)<br \/>\n\u2022 1x pi\u00e8ce d&rsquo;extr\u00e9mit\u00e9 Rayon gauche (Mod. 19-01-05) ou 1x pi\u00e8ce d&rsquo;extr\u00e9mit\u00e9 Bord gauche (Mod. 19-01-31)<br \/>\n\u2022 1x pi\u00e8ce d&rsquo;extr\u00e9mit\u00e9 Rayon droit (Mod. 19-01-06) ou 1x pi\u00e8ce d&rsquo;extr\u00e9mit\u00e9 Bord droit (Mod. 19-01-32)<\/p>\n","protected":false},"excerpt":{"rendered":"<p>MOREE COMPTEUR \u00e0 DEL Avec les modules de comptoir Moree, vous pouvez cr\u00e9er vos propres configurations de comptoir, parfaitement adapt\u00e9es \u00e0 vos \u00e9v\u00e9nements et \u00e0 vos locaux. Tous les modules peuvent \u00eatre combin\u00e9s les uns avec les autres. Equip\u00e9 de deux lumi\u00e8res LED multicolores sur l&rsquo;avant et l&rsquo;arri\u00e8re (plan de travail) du comptoir, qui peuvent [&hellip;]<\/p>\n","protected":false},"featured_media":6090,"template":"","meta":{"_acf_changed":false},"product_brand":[],"product_cat":[496,500],"product_tag":[],"class_list":{"0":"post-8334","1":"product","2":"type-product","3":"status-publish","4":"has-post-thumbnail","6":"product_cat-bar-lumineux","7":"product_cat-comptoir-de-bar-professionnel","9":"first","10":"instock","11":"taxable","12":"shipping-taxable","13":"product-type-simple"},"acf":[],"yoast_head":"<!-- This site is optimized with the Yoast SEO plugin v26.8 - https:\/\/yoast.com\/product\/yoast-seo-wordpress\/ -->\n<title>Compteur \u00e0 DEL Exemple 1 - Moree.de<\/title>\n<meta name=\"robots\" content=\"index, follow, max-snippet:-1, max-image-preview:large, max-video-preview:-1\" \/>\n<link rel=\"canonical\" href=\"https:\/\/www.moree.de\/fr\/produit\/compteur-a-del-exemple-1\/\" \/>\n<meta property=\"og:locale\" content=\"fr_FR\" \/>\n<meta property=\"og:type\" content=\"article\" \/>\n<meta property=\"og:title\" content=\"Compteur \u00e0 DEL Exemple 1 - Moree.de\" \/>\n<meta property=\"og:description\" content=\"MOREE COMPTEUR \u00e0 DEL Avec les modules de comptoir Moree, vous pouvez cr\u00e9er vos propres configurations de comptoir, parfaitement adapt\u00e9es \u00e0 vos \u00e9v\u00e9nements et \u00e0 vos locaux. Tous les modules peuvent \u00eatre combin\u00e9s les uns avec les autres. Equip\u00e9 de deux lumi\u00e8res LED multicolores sur l&rsquo;avant et l&rsquo;arri\u00e8re (plan de travail) du comptoir, qui peuvent [&hellip;]\" \/>\n<meta property=\"og:url\" content=\"https:\/\/www.moree.de\/fr\/produit\/compteur-a-del-exemple-1\/\" \/>\n<meta property=\"og:site_name\" content=\"Moree.de\" \/>\n<meta property=\"article:modified_time\" content=\"2025-10-29T12:33:15+00:00\" \/>\n<meta property=\"og:image\" content=\"https:\/\/www.moree.de\/wp-content\/uploads\/2021\/07\/Moree-Modular-LED-Bar-Example-1.jpg\" \/>\n\t<meta property=\"og:image:width\" content=\"1000\" \/>\n\t<meta property=\"og:image:height\" content=\"750\" \/>\n\t<meta property=\"og:image:type\" content=\"image\/jpeg\" \/>\n<meta name=\"twitter:card\" content=\"summary_large_image\" \/>\n<meta name=\"twitter:label1\" content=\"Dur\u00e9e de lecture estim\u00e9e\" \/>\n\t<meta name=\"twitter:data1\" content=\"1 minute\" \/>\n<script type=\"application\/ld+json\" class=\"yoast-schema-graph\">{\"@context\":\"https:\/\/schema.org\",\"@graph\":[{\"@type\":\"WebPage\",\"@id\":\"https:\/\/www.moree.de\/fr\/produit\/compteur-a-del-exemple-1\/\",\"url\":\"https:\/\/www.moree.de\/fr\/produit\/compteur-a-del-exemple-1\/\",\"name\":\"Compteur \u00e0 DEL Exemple 1 - Moree.de\",\"isPartOf\":{\"@id\":\"https:\/\/www.moree.de\/fr\/#website\"},\"primaryImageOfPage\":{\"@id\":\"https:\/\/www.moree.de\/fr\/produit\/compteur-a-del-exemple-1\/#primaryimage\"},\"image\":{\"@id\":\"https:\/\/www.moree.de\/fr\/produit\/compteur-a-del-exemple-1\/#primaryimage\"},\"thumbnailUrl\":\"https:\/\/www.moree.de\/wp-content\/uploads\/2021\/07\/Moree-Modular-LED-Bar-Example-1.jpg\",\"datePublished\":\"2021-08-22T09:59:12+00:00\",\"dateModified\":\"2025-10-29T12:33:15+00:00\",\"breadcrumb\":{\"@id\":\"https:\/\/www.moree.de\/fr\/produit\/compteur-a-del-exemple-1\/#breadcrumb\"},\"inLanguage\":\"fr-FR\",\"potentialAction\":[{\"@type\":\"ReadAction\",\"target\":[\"https:\/\/www.moree.de\/fr\/produit\/compteur-a-del-exemple-1\/\"]}]},{\"@type\":\"ImageObject\",\"inLanguage\":\"fr-FR\",\"@id\":\"https:\/\/www.moree.de\/fr\/produit\/compteur-a-del-exemple-1\/#primaryimage\",\"url\":\"https:\/\/www.moree.de\/wp-content\/uploads\/2021\/07\/Moree-Modular-LED-Bar-Example-1.jpg\",\"contentUrl\":\"https:\/\/www.moree.de\/wp-content\/uploads\/2021\/07\/Moree-Modular-LED-Bar-Example-1.jpg\",\"width\":1000,\"height\":750,\"caption\":\"Beleuchtete Bar, Empfangscounter, Empfangstheke, Fr\u00fchst\u00fcckstheke, Messecounter\"},{\"@type\":\"BreadcrumbList\",\"@id\":\"https:\/\/www.moree.de\/fr\/produit\/compteur-a-del-exemple-1\/#breadcrumb\",\"itemListElement\":[{\"@type\":\"ListItem\",\"position\":1,\"name\":\"Home\",\"item\":\"https:\/\/www.moree.de\/fr\/\"},{\"@type\":\"ListItem\",\"position\":2,\"name\":\"Shop\",\"item\":\"https:\/\/www.moree.de\/shop\/\"},{\"@type\":\"ListItem\",\"position\":3,\"name\":\"Compteur \u00e0 DEL Exemple 1\"}]},{\"@type\":\"WebSite\",\"@id\":\"https:\/\/www.moree.de\/fr\/#website\",\"url\":\"https:\/\/www.moree.de\/fr\/\",\"name\":\"Moree.de\",\"description\":\"Gastronomie M\u00f6bel, Lounge M\u00f6bel, Barhocker und LED M\u00f6bel\",\"publisher\":{\"@id\":\"https:\/\/www.moree.de\/fr\/#organization\"},\"potentialAction\":[{\"@type\":\"SearchAction\",\"target\":{\"@type\":\"EntryPoint\",\"urlTemplate\":\"https:\/\/www.moree.de\/fr\/?s={search_term_string}\"},\"query-input\":{\"@type\":\"PropertyValueSpecification\",\"valueRequired\":true,\"valueName\":\"search_term_string\"}}],\"inLanguage\":\"fr-FR\"},{\"@type\":\"Organization\",\"@id\":\"https:\/\/www.moree.de\/fr\/#organization\",\"name\":\"Moree.de\",\"url\":\"https:\/\/www.moree.de\/fr\/\",\"logo\":{\"@type\":\"ImageObject\",\"inLanguage\":\"fr-FR\",\"@id\":\"https:\/\/www.moree.de\/fr\/#\/schema\/logo\/image\/\",\"url\":\"https:\/\/www.moree.de\/wp-content\/uploads\/2021\/05\/moree-logo.svg\",\"contentUrl\":\"https:\/\/www.moree.de\/wp-content\/uploads\/2021\/05\/moree-logo.svg\",\"width\":349,\"height\":62,\"caption\":\"Moree.de\"},\"image\":{\"@id\":\"https:\/\/www.moree.de\/fr\/#\/schema\/logo\/image\/\"}}]}<\/script>\n<!-- \/ Yoast SEO plugin. -->","yoast_head_json":{"title":"Compteur \u00e0 DEL Exemple 1 - Moree.de","robots":{"index":"index","follow":"follow","max-snippet":"max-snippet:-1","max-image-preview":"max-image-preview:large","max-video-preview":"max-video-preview:-1"},"canonical":"https:\/\/www.moree.de\/fr\/produit\/compteur-a-del-exemple-1\/","og_locale":"fr_FR","og_type":"article","og_title":"Compteur \u00e0 DEL Exemple 1 - Moree.de","og_description":"MOREE COMPTEUR \u00e0 DEL Avec les modules de comptoir Moree, vous pouvez cr\u00e9er vos propres configurations de comptoir, parfaitement adapt\u00e9es \u00e0 vos \u00e9v\u00e9nements et \u00e0 vos locaux. Tous les modules peuvent \u00eatre combin\u00e9s les uns avec les autres. Equip\u00e9 de deux lumi\u00e8res LED multicolores sur l&rsquo;avant et l&rsquo;arri\u00e8re (plan de travail) du comptoir, qui peuvent [&hellip;]","og_url":"https:\/\/www.moree.de\/fr\/produit\/compteur-a-del-exemple-1\/","og_site_name":"Moree.de","article_modified_time":"2025-10-29T12:33:15+00:00","og_image":[{"width":1000,"height":750,"url":"https:\/\/www.moree.de\/wp-content\/uploads\/2021\/07\/Moree-Modular-LED-Bar-Example-1.jpg","type":"image\/jpeg"}],"twitter_card":"summary_large_image","twitter_misc":{"Dur\u00e9e de lecture estim\u00e9e":"1 minute"},"schema":{"@context":"https:\/\/schema.org","@graph":[{"@type":"WebPage","@id":"https:\/\/www.moree.de\/fr\/produit\/compteur-a-del-exemple-1\/","url":"https:\/\/www.moree.de\/fr\/produit\/compteur-a-del-exemple-1\/","name":"Compteur \u00e0 DEL Exemple 1 - Moree.de","isPartOf":{"@id":"https:\/\/www.moree.de\/fr\/#website"},"primaryImageOfPage":{"@id":"https:\/\/www.moree.de\/fr\/produit\/compteur-a-del-exemple-1\/#primaryimage"},"image":{"@id":"https:\/\/www.moree.de\/fr\/produit\/compteur-a-del-exemple-1\/#primaryimage"},"thumbnailUrl":"https:\/\/www.moree.de\/wp-content\/uploads\/2021\/07\/Moree-Modular-LED-Bar-Example-1.jpg","datePublished":"2021-08-22T09:59:12+00:00","dateModified":"2025-10-29T12:33:15+00:00","breadcrumb":{"@id":"https:\/\/www.moree.de\/fr\/produit\/compteur-a-del-exemple-1\/#breadcrumb"},"inLanguage":"fr-FR","potentialAction":[{"@type":"ReadAction","target":["https:\/\/www.moree.de\/fr\/produit\/compteur-a-del-exemple-1\/"]}]},{"@type":"ImageObject","inLanguage":"fr-FR","@id":"https:\/\/www.moree.de\/fr\/produit\/compteur-a-del-exemple-1\/#primaryimage","url":"https:\/\/www.moree.de\/wp-content\/uploads\/2021\/07\/Moree-Modular-LED-Bar-Example-1.jpg","contentUrl":"https:\/\/www.moree.de\/wp-content\/uploads\/2021\/07\/Moree-Modular-LED-Bar-Example-1.jpg","width":1000,"height":750,"caption":"Beleuchtete Bar, Empfangscounter, Empfangstheke, Fr\u00fchst\u00fcckstheke, Messecounter"},{"@type":"BreadcrumbList","@id":"https:\/\/www.moree.de\/fr\/produit\/compteur-a-del-exemple-1\/#breadcrumb","itemListElement":[{"@type":"ListItem","position":1,"name":"Home","item":"https:\/\/www.moree.de\/fr\/"},{"@type":"ListItem","position":2,"name":"Shop","item":"https:\/\/www.moree.de\/shop\/"},{"@type":"ListItem","position":3,"name":"Compteur \u00e0 DEL Exemple 1"}]},{"@type":"WebSite","@id":"https:\/\/www.moree.de\/fr\/#website","url":"https:\/\/www.moree.de\/fr\/","name":"Moree.de","description":"Gastronomie M\u00f6bel, Lounge M\u00f6bel, Barhocker und LED M\u00f6bel","publisher":{"@id":"https:\/\/www.moree.de\/fr\/#organization"},"potentialAction":[{"@type":"SearchAction","target":{"@type":"EntryPoint","urlTemplate":"https:\/\/www.moree.de\/fr\/?s={search_term_string}"},"query-input":{"@type":"PropertyValueSpecification","valueRequired":true,"valueName":"search_term_string"}}],"inLanguage":"fr-FR"},{"@type":"Organization","@id":"https:\/\/www.moree.de\/fr\/#organization","name":"Moree.de","url":"https:\/\/www.moree.de\/fr\/","logo":{"@type":"ImageObject","inLanguage":"fr-FR","@id":"https:\/\/www.moree.de\/fr\/#\/schema\/logo\/image\/","url":"https:\/\/www.moree.de\/wp-content\/uploads\/2021\/05\/moree-logo.svg","contentUrl":"https:\/\/www.moree.de\/wp-content\/uploads\/2021\/05\/moree-logo.svg","width":349,"height":62,"caption":"Moree.de"},"image":{"@id":"https:\/\/www.moree.de\/fr\/#\/schema\/logo\/image\/"}}]}},"_links":{"self":[{"href":"https:\/\/www.moree.de\/fr\/wp-json\/wp\/v2\/product\/8334","targetHints":{"allow":["GET"]}}],"collection":[{"href":"https:\/\/www.moree.de\/fr\/wp-json\/wp\/v2\/product"}],"about":[{"href":"https:\/\/www.moree.de\/fr\/wp-json\/wp\/v2\/types\/product"}],"wp:featuredmedia":[{"embeddable":true,"href":"https:\/\/www.moree.de\/fr\/wp-json\/wp\/v2\/media\/6090"}],"wp:attachment":[{"href":"https:\/\/www.moree.de\/fr\/wp-json\/wp\/v2\/media?parent=8334"}],"wp:term":[{"taxonomy":"product_brand","embeddable":true,"href":"https:\/\/www.moree.de\/fr\/wp-json\/wp\/v2\/product_brand?post=8334"},{"taxonomy":"product_cat","embeddable":true,"href":"https:\/\/www.moree.de\/fr\/wp-json\/wp\/v2\/product_cat?post=8334"},{"taxonomy":"product_tag","embeddable":true,"href":"https:\/\/www.moree.de\/fr\/wp-json\/wp\/v2\/product_tag?post=8334"}],"curies":[{"name":"wp","href":"https:\/\/api.w.org\/{rel}","templated":true}]}}