{"id":9609,"date":"2009-10-20T13:15:23","date_gmt":"2021-10-20T11:15:23","guid":{"rendered":"https:\/\/www.moree.de\/?post_type=product&#038;p=9609"},"modified":"2025-10-29T13:34:52","modified_gmt":"2025-10-29T12:34:52","slug":"un-euro-cooler","status":"publish","type":"product","link":"https:\/\/www.moree.de\/fr\/produit\/un-euro-cooler\/","title":{"rendered":"Un Euro Cooler"},"content":{"rendered":"<p>Le refroidisseur de bouteilles \u00e9clair\u00e9 avec batterie rechargeable et t\u00e9l\u00e9commande fournit une ambiance et un \u00e9clairage indirect.<\/p>\n<p>La glaci\u00e8re est \u00e9quip\u00e9e d&rsquo;une unit\u00e9 DEL facilement amovible, fix\u00e9e par un loquet magn\u00e9tique et charg\u00e9e sur une base \u00e0 induction. L&rsquo;unit\u00e9 DEL n&rsquo;est donc pas charg\u00e9e sur le produit, mais \u00e0 l&rsquo;endroit o\u00f9 est plac\u00e9e la station de charge par induction.<\/p>\n<p>Servir des boissons \u00e0 la bonne temp\u00e9rature est un d\u00e9fi non seulement dans le secteur de la restauration, mais aussi sur une terrasse priv\u00e9e. Les boissons trop chaudes en alt\u00e8rent consid\u00e9rablement le go\u00fbt. Un refroidisseur de champagne ou de boissons est donc la solution id\u00e9ale, car les refroidisseurs de vin ou de champagne garantissent une temp\u00e9rature parfaite et le bien-\u00eatre des invit\u00e9s ici.<\/p>\n<p>Outre toutes les consid\u00e9rations pratiques, les aspects d\u00e9coratifs sont \u00e9galement essentiels. La Moree Cooler LED Accu Outdoor offre couleur et lumi\u00e8re en un seul produit. Le refroidisseur de bouteilles \u00e9clair\u00e9 est \u00e9quip\u00e9 d&rsquo;une unit\u00e9 DEL et peut \u00eatre command\u00e9 par t\u00e9l\u00e9commande. En plus des 15 couleurs pr\u00e9d\u00e9finies, il est possible de faire fonctionner le refroidisseur de boissons selon diff\u00e9rents programmes de changement de couleur. En outre, une fonction de gradation permet de r\u00e9gler l&rsquo;intensit\u00e9 des diff\u00e9rentes couleurs. En plus de toutes les couleurs RGB, le refroidisseur de boissons illumin\u00e9 brille \u00e9galement en blanc. Gr\u00e2ce \u00e0 sa batterie lithium-ion, le refroidisseur de bouteilles lumineux peut \u00eatre utilis\u00e9 sans fil et offre une flexibilit\u00e9 maximale sur la terrasse du jardin, lors de f\u00eates priv\u00e9es ou dans le secteur professionnel lors de salons et d&rsquo;\u00e9v\u00e9nements. Gr\u00e2ce \u00e0 son ind\u00e9pendance vis-\u00e0-vis de la prise de courant, le refroidisseur de bouteilles \u00e9clair\u00e9 peut \u00eatre utilis\u00e9 partout.<\/p>\n<p>La glaci\u00e8re lumineuse convient aussi bien \u00e0 une utilisation int\u00e9rieure qu&rsquo;ext\u00e9rieure et peut \u00eatre utilis\u00e9e dans la gastronomie professionnelle ainsi que dans le secteur priv\u00e9. Le refroidisseur de bouteilles \u00e9clair\u00e9 se place \u00e0 c\u00f4t\u00e9 de la table dress\u00e9e, laissant plus d&rsquo;espace pour la nourriture et les boissons. Avec son corps en plastique PE translucide et sa lumi\u00e8re \u00e0 DEL, le refroidisseur de bouteilles ajoute des touches de style \u00e0 toute ambiance. Le plastique est r\u00e9sistant aux UV.<br \/>\nLe r\u00e9cipient de taille g\u00e9n\u00e9reuse de la glaci\u00e8re \u00e0 champagne est rempli de glace et sert non seulement \u00e0 refroidir une seule bouteille, mais peut \u00e9galement accueillir des bouteilles magnum ou plusieurs bouteilles \u00e0 la fois. Il s&rsquo;agit donc d&rsquo;un mobilier \u00e9v\u00e9nementiel id\u00e9al pour les f\u00eates et les \u00e9v\u00e9nements de toutes sortes. Avec ses dimensions de 89 cm de hauteur et de 46 cm de diam\u00e8tre, l&rsquo;objet lumineux attire l&rsquo;attention par son rayonnement.<\/p>\n\n","protected":false},"excerpt":{"rendered":"<p>Unit\u00e9 de DEL multicolore sans fil avec fermeture rapide magn\u00e9tique permettant de retirer facilement l&rsquo;unit\u00e9 de DEL pour la recharger par induction.<\/p>\n","protected":false},"featured_media":5800,"template":"","meta":{"_acf_changed":false},"product_brand":[],"product_cat":[],"product_tag":[],"class_list":{"0":"post-9609","1":"product","2":"type-product","3":"status-publish","4":"has-post-thumbnail","7":"first","8":"instock","9":"taxable","10":"shipping-taxable","11":"purchasable","12":"product-type-simple"},"acf":[],"yoast_head":"<!-- This site is optimized with the Yoast SEO plugin v26.8 - https:\/\/yoast.com\/product\/yoast-seo-wordpress\/ -->\n<title>Un Euro Cooler - Moree.de<\/title>\n<meta name=\"robots\" content=\"index, follow, max-snippet:-1, max-image-preview:large, max-video-preview:-1\" \/>\n<link rel=\"canonical\" href=\"https:\/\/www.moree.de\/fr\/produit\/un-euro-cooler\/\" \/>\n<meta property=\"og:locale\" content=\"fr_FR\" \/>\n<meta property=\"og:type\" content=\"article\" \/>\n<meta property=\"og:title\" content=\"Un Euro Cooler - Moree.de\" \/>\n<meta property=\"og:description\" content=\"Unit\u00e9 de DEL multicolore sans fil avec fermeture rapide magn\u00e9tique permettant de retirer facilement l&#039;unit\u00e9 de DEL pour la recharger par induction.\" \/>\n<meta property=\"og:url\" content=\"https:\/\/www.moree.de\/fr\/produit\/un-euro-cooler\/\" \/>\n<meta property=\"og:site_name\" content=\"Moree.de\" \/>\n<meta property=\"article:modified_time\" content=\"2025-10-29T12:34:52+00:00\" \/>\n<meta property=\"og:image\" content=\"https:\/\/www.moree.de\/wp-content\/uploads\/2021\/07\/Moree-Cooler-LED-Accu-Weinkuehler-beleuchteter-Flaschenkuehler-Sektkuehler.jpg\" \/>\n\t<meta property=\"og:image:width\" content=\"1020\" \/>\n\t<meta property=\"og:image:height\" content=\"765\" \/>\n\t<meta property=\"og:image:type\" content=\"image\/jpeg\" \/>\n<meta name=\"twitter:card\" content=\"summary_large_image\" \/>\n<meta name=\"twitter:label1\" content=\"Dur\u00e9e de lecture estim\u00e9e\" \/>\n\t<meta name=\"twitter:data1\" content=\"2 minutes\" \/>\n<script type=\"application\/ld+json\" class=\"yoast-schema-graph\">{\"@context\":\"https:\/\/schema.org\",\"@graph\":[{\"@type\":\"WebPage\",\"@id\":\"https:\/\/www.moree.de\/fr\/produit\/un-euro-cooler\/\",\"url\":\"https:\/\/www.moree.de\/fr\/produit\/un-euro-cooler\/\",\"name\":\"Un Euro Cooler - Moree.de\",\"isPartOf\":{\"@id\":\"https:\/\/www.moree.de\/fr\/#website\"},\"primaryImageOfPage\":{\"@id\":\"https:\/\/www.moree.de\/fr\/produit\/un-euro-cooler\/#primaryimage\"},\"image\":{\"@id\":\"https:\/\/www.moree.de\/fr\/produit\/un-euro-cooler\/#primaryimage\"},\"thumbnailUrl\":\"https:\/\/www.moree.de\/wp-content\/uploads\/2021\/07\/Moree-Cooler-LED-Accu-Weinkuehler-beleuchteter-Flaschenkuehler-Sektkuehler.jpg\",\"datePublished\":\"2021-10-20T11:15:23+00:00\",\"dateModified\":\"2025-10-29T12:34:52+00:00\",\"breadcrumb\":{\"@id\":\"https:\/\/www.moree.de\/fr\/produit\/un-euro-cooler\/#breadcrumb\"},\"inLanguage\":\"fr-FR\",\"potentialAction\":[{\"@type\":\"ReadAction\",\"target\":[\"https:\/\/www.moree.de\/fr\/produit\/un-euro-cooler\/\"]}]},{\"@type\":\"ImageObject\",\"inLanguage\":\"fr-FR\",\"@id\":\"https:\/\/www.moree.de\/fr\/produit\/un-euro-cooler\/#primaryimage\",\"url\":\"https:\/\/www.moree.de\/wp-content\/uploads\/2021\/07\/Moree-Cooler-LED-Accu-Weinkuehler-beleuchteter-Flaschenkuehler-Sektkuehler.jpg\",\"contentUrl\":\"https:\/\/www.moree.de\/wp-content\/uploads\/2021\/07\/Moree-Cooler-LED-Accu-Weinkuehler-beleuchteter-Flaschenkuehler-Sektkuehler.jpg\",\"width\":1020,\"height\":765,\"caption\":\"Sektk\u00fchler beleuchtet,\"},{\"@type\":\"BreadcrumbList\",\"@id\":\"https:\/\/www.moree.de\/fr\/produit\/un-euro-cooler\/#breadcrumb\",\"itemListElement\":[{\"@type\":\"ListItem\",\"position\":1,\"name\":\"Home\",\"item\":\"https:\/\/www.moree.de\/fr\/\"},{\"@type\":\"ListItem\",\"position\":2,\"name\":\"Shop\",\"item\":\"https:\/\/www.moree.de\/shop\/\"},{\"@type\":\"ListItem\",\"position\":3,\"name\":\"Un Euro Cooler\"}]},{\"@type\":\"WebSite\",\"@id\":\"https:\/\/www.moree.de\/fr\/#website\",\"url\":\"https:\/\/www.moree.de\/fr\/\",\"name\":\"Moree.de\",\"description\":\"Gastronomie M\u00f6bel, Lounge M\u00f6bel, Barhocker und LED M\u00f6bel\",\"publisher\":{\"@id\":\"https:\/\/www.moree.de\/fr\/#organization\"},\"potentialAction\":[{\"@type\":\"SearchAction\",\"target\":{\"@type\":\"EntryPoint\",\"urlTemplate\":\"https:\/\/www.moree.de\/fr\/?s={search_term_string}\"},\"query-input\":{\"@type\":\"PropertyValueSpecification\",\"valueRequired\":true,\"valueName\":\"search_term_string\"}}],\"inLanguage\":\"fr-FR\"},{\"@type\":\"Organization\",\"@id\":\"https:\/\/www.moree.de\/fr\/#organization\",\"name\":\"Moree.de\",\"url\":\"https:\/\/www.moree.de\/fr\/\",\"logo\":{\"@type\":\"ImageObject\",\"inLanguage\":\"fr-FR\",\"@id\":\"https:\/\/www.moree.de\/fr\/#\/schema\/logo\/image\/\",\"url\":\"https:\/\/www.moree.de\/wp-content\/uploads\/2021\/05\/moree-logo.svg\",\"contentUrl\":\"https:\/\/www.moree.de\/wp-content\/uploads\/2021\/05\/moree-logo.svg\",\"width\":349,\"height\":62,\"caption\":\"Moree.de\"},\"image\":{\"@id\":\"https:\/\/www.moree.de\/fr\/#\/schema\/logo\/image\/\"}}]}<\/script>\n<!-- \/ Yoast SEO plugin. -->","yoast_head_json":{"title":"Un Euro Cooler - Moree.de","robots":{"index":"index","follow":"follow","max-snippet":"max-snippet:-1","max-image-preview":"max-image-preview:large","max-video-preview":"max-video-preview:-1"},"canonical":"https:\/\/www.moree.de\/fr\/produit\/un-euro-cooler\/","og_locale":"fr_FR","og_type":"article","og_title":"Un Euro Cooler - Moree.de","og_description":"Unit\u00e9 de DEL multicolore sans fil avec fermeture rapide magn\u00e9tique permettant de retirer facilement l'unit\u00e9 de DEL pour la recharger par induction.","og_url":"https:\/\/www.moree.de\/fr\/produit\/un-euro-cooler\/","og_site_name":"Moree.de","article_modified_time":"2025-10-29T12:34:52+00:00","og_image":[{"width":1020,"height":765,"url":"https:\/\/www.moree.de\/wp-content\/uploads\/2021\/07\/Moree-Cooler-LED-Accu-Weinkuehler-beleuchteter-Flaschenkuehler-Sektkuehler.jpg","type":"image\/jpeg"}],"twitter_card":"summary_large_image","twitter_misc":{"Dur\u00e9e de lecture estim\u00e9e":"2 minutes"},"schema":{"@context":"https:\/\/schema.org","@graph":[{"@type":"WebPage","@id":"https:\/\/www.moree.de\/fr\/produit\/un-euro-cooler\/","url":"https:\/\/www.moree.de\/fr\/produit\/un-euro-cooler\/","name":"Un Euro Cooler - Moree.de","isPartOf":{"@id":"https:\/\/www.moree.de\/fr\/#website"},"primaryImageOfPage":{"@id":"https:\/\/www.moree.de\/fr\/produit\/un-euro-cooler\/#primaryimage"},"image":{"@id":"https:\/\/www.moree.de\/fr\/produit\/un-euro-cooler\/#primaryimage"},"thumbnailUrl":"https:\/\/www.moree.de\/wp-content\/uploads\/2021\/07\/Moree-Cooler-LED-Accu-Weinkuehler-beleuchteter-Flaschenkuehler-Sektkuehler.jpg","datePublished":"2021-10-20T11:15:23+00:00","dateModified":"2025-10-29T12:34:52+00:00","breadcrumb":{"@id":"https:\/\/www.moree.de\/fr\/produit\/un-euro-cooler\/#breadcrumb"},"inLanguage":"fr-FR","potentialAction":[{"@type":"ReadAction","target":["https:\/\/www.moree.de\/fr\/produit\/un-euro-cooler\/"]}]},{"@type":"ImageObject","inLanguage":"fr-FR","@id":"https:\/\/www.moree.de\/fr\/produit\/un-euro-cooler\/#primaryimage","url":"https:\/\/www.moree.de\/wp-content\/uploads\/2021\/07\/Moree-Cooler-LED-Accu-Weinkuehler-beleuchteter-Flaschenkuehler-Sektkuehler.jpg","contentUrl":"https:\/\/www.moree.de\/wp-content\/uploads\/2021\/07\/Moree-Cooler-LED-Accu-Weinkuehler-beleuchteter-Flaschenkuehler-Sektkuehler.jpg","width":1020,"height":765,"caption":"Sektk\u00fchler beleuchtet,"},{"@type":"BreadcrumbList","@id":"https:\/\/www.moree.de\/fr\/produit\/un-euro-cooler\/#breadcrumb","itemListElement":[{"@type":"ListItem","position":1,"name":"Home","item":"https:\/\/www.moree.de\/fr\/"},{"@type":"ListItem","position":2,"name":"Shop","item":"https:\/\/www.moree.de\/shop\/"},{"@type":"ListItem","position":3,"name":"Un Euro Cooler"}]},{"@type":"WebSite","@id":"https:\/\/www.moree.de\/fr\/#website","url":"https:\/\/www.moree.de\/fr\/","name":"Moree.de","description":"Gastronomie M\u00f6bel, Lounge M\u00f6bel, Barhocker und LED M\u00f6bel","publisher":{"@id":"https:\/\/www.moree.de\/fr\/#organization"},"potentialAction":[{"@type":"SearchAction","target":{"@type":"EntryPoint","urlTemplate":"https:\/\/www.moree.de\/fr\/?s={search_term_string}"},"query-input":{"@type":"PropertyValueSpecification","valueRequired":true,"valueName":"search_term_string"}}],"inLanguage":"fr-FR"},{"@type":"Organization","@id":"https:\/\/www.moree.de\/fr\/#organization","name":"Moree.de","url":"https:\/\/www.moree.de\/fr\/","logo":{"@type":"ImageObject","inLanguage":"fr-FR","@id":"https:\/\/www.moree.de\/fr\/#\/schema\/logo\/image\/","url":"https:\/\/www.moree.de\/wp-content\/uploads\/2021\/05\/moree-logo.svg","contentUrl":"https:\/\/www.moree.de\/wp-content\/uploads\/2021\/05\/moree-logo.svg","width":349,"height":62,"caption":"Moree.de"},"image":{"@id":"https:\/\/www.moree.de\/fr\/#\/schema\/logo\/image\/"}}]}},"_links":{"self":[{"href":"https:\/\/www.moree.de\/fr\/wp-json\/wp\/v2\/product\/9609","targetHints":{"allow":["GET"]}}],"collection":[{"href":"https:\/\/www.moree.de\/fr\/wp-json\/wp\/v2\/product"}],"about":[{"href":"https:\/\/www.moree.de\/fr\/wp-json\/wp\/v2\/types\/product"}],"wp:featuredmedia":[{"embeddable":true,"href":"https:\/\/www.moree.de\/fr\/wp-json\/wp\/v2\/media\/5800"}],"wp:attachment":[{"href":"https:\/\/www.moree.de\/fr\/wp-json\/wp\/v2\/media?parent=9609"}],"wp:term":[{"taxonomy":"product_brand","embeddable":true,"href":"https:\/\/www.moree.de\/fr\/wp-json\/wp\/v2\/product_brand?post=9609"},{"taxonomy":"product_cat","embeddable":true,"href":"https:\/\/www.moree.de\/fr\/wp-json\/wp\/v2\/product_cat?post=9609"},{"taxonomy":"product_tag","embeddable":true,"href":"https:\/\/www.moree.de\/fr\/wp-json\/wp\/v2\/product_tag?post=9609"}],"curies":[{"name":"wp","href":"https:\/\/api.w.org\/{rel}","templated":true}]}}